{"id":16,"date":"2018-04-18T14:13:06","date_gmt":"2018-04-18T12:13:06","guid":{"rendered":"https:\/\/fairloetet.de\/?page_id=16"},"modified":"2025-03-02T12:24:12","modified_gmt":"2025-03-02T11:24:12","slug":"startseite","status":"publish","type":"page","link":"https:\/\/fairloetet.de\/en\/","title":{"rendered":"Startseite"},"content":{"rendered":"<section class=\"l-section wpb_row us_custom_b91424ac height_medium\"><div class=\"l-section-h i-cf\"><div class=\"g-cols vc_row via_grid cols_3 laptops-cols_inherit tablets-cols_inherit mobiles-cols_1 valign_top type_default stacking_default\"><div class=\"wpb_column vc_column_container\"><div class=\"vc_column-inner\"><div class=\"aio-icon-component    style_1\"><div id=\"Info-box-wrap-3815\" class=\"aio-icon-box top-icon\" style=\"\"  ><div class=\"aio-icon-top\"><div class=\"ult-just-icon-wrapper\"><div class=\"align-icon\" style=\"text-align:center;\">\n<div class=\"aio-icon none\"  style=\"color:#0f298e;font-size:64px;display:inline-block;\">\n\t<i class=\"Defaults-question\"><\/i>\n<\/div><\/div><\/div><\/div><div class=\"aio-icon-header\" ><h4 class=\"aio-icon-title ult-responsive\"  data-ultimate-target='#Info-box-wrap-3815 .aio-icon-title'  data-responsive-json-new='{\"font-size\":\"\",\"line-height\":\"\"}'  style=\"\">Wof\u00fcr stehen wir<\/h4><\/div> <!-- header --><div class=\"aio-icon-description ult-responsive\"  data-ultimate-target='#Info-box-wrap-3815 .aio-icon-description'  data-responsive-json-new='{\"font-size\":\"\",\"line-height\":\"\"}'  style=\"\">FairL\u00f6tet setzt sich sich f\u00fcr soziale Gerechtigkeit in den globalisierten Lieferketten der Elektronikbranche ein. <a href=\"https:\/\/fairloetet.de\/en\/startseite\/wofuer-stehen-wir\/\">Mehr<\/a><\/div> <!-- description --><\/div> <!-- aio-icon-box --><\/div> <!-- aio-icon-component --><\/div><\/div><div class=\"wpb_column vc_column_container\"><div class=\"vc_column-inner\"><div class=\"aio-icon-component    style_1\"><div id=\"Info-box-wrap-4997\" class=\"aio-icon-box top-icon\" style=\"\"  ><div class=\"aio-icon-top\"><div class=\"ult-just-icon-wrapper\"><div class=\"align-icon\" style=\"text-align:center;\">\n<div class=\"aio-icon none\"  style=\"color:#0f298e;font-size:64px;display:inline-block;\">\n\t<i class=\"Defaults-road\"><\/i>\n<\/div><\/div><\/div><\/div><div class=\"aio-icon-header\" ><h4 class=\"aio-icon-title ult-responsive\"  data-ultimate-target='#Info-box-wrap-4997 .aio-icon-title'  data-responsive-json-new='{\"font-size\":\"\",\"line-height\":\"\"}'  style=\"\">Der Weg<\/h4><\/div> <!-- header --><div class=\"aio-icon-description ult-responsive\"  data-ultimate-target='#Info-box-wrap-4997 .aio-icon-description'  data-responsive-json-new='{\"font-size\":\"\",\"line-height\":\"\"}'  style=\"\">Wir unterst\u00fctzen Unternehmen, bilden und sensibilisieren die \u00d6ffentlichkeit. <a href=\"https:\/\/fairloetet.de\/en\/startseite\/der-weg\/\">Mehr<\/a><\/div> <!-- description --><\/div> <!-- aio-icon-box --><\/div> <!-- aio-icon-component --><\/div><\/div><div class=\"wpb_column vc_column_container\"><div class=\"vc_column-inner\"><div class=\"aio-icon-component    style_1\"><div id=\"Info-box-wrap-7324\" class=\"aio-icon-box top-icon\" style=\"\"  ><div class=\"aio-icon-top\"><div class=\"ult-just-icon-wrapper\"><div class=\"align-icon\" style=\"text-align:center;\">\n<div class=\"aio-icon none\"  style=\"color:#0f298e;font-size:64px;display:inline-block;\">\n\t<i class=\"Defaults-lightbulb-o\"><\/i>\n<\/div><\/div><\/div><\/div><div class=\"aio-icon-header\" ><h4 class=\"aio-icon-title ult-responsive\"  data-ultimate-target='#Info-box-wrap-7324 .aio-icon-title'  data-responsive-json-new='{\"font-size\":\"\",\"line-height\":\"\"}'  style=\"\">Projekt X<\/h4><\/div> <!-- header --><div class=\"aio-icon-description ult-responsive\"  data-ultimate-target='#Info-box-wrap-7324 .aio-icon-description'  data-responsive-json-new='{\"font-size\":\"\",\"line-height\":\"\"}'  style=\"\">Die faire Maus, Fairphone und Stannol zeigen, dass faire Elektronik m\u00f6glich ist. Jetzt suchen wir deine Idee f\u00fcr das n\u00e4chste Faire Elektronik Projekt. <a href=\"https:\/\/fairloetet.de\/en\/startseite\/projekt-x\/\">Mehr<\/a><\/div> <!-- description --><\/div> <!-- aio-icon-box --><\/div> <!-- aio-icon-component --><\/div><\/div><\/div><\/div><\/section><section class=\"l-section wpb_row height_medium\"><div class=\"l-section-h i-cf\"><div class=\"g-cols vc_row via_grid cols_1-4-1 laptops-cols_inherit tablets-cols_inherit mobiles-cols_1 valign_top type_default stacking_default\"><div class=\"wpb_column vc_column_container\"><div class=\"vc_column-inner\"><\/div><\/div><div class=\"wpb_column vc_column_container\"><div class=\"vc_column-inner\"><div id=\"ultimate-heading-521869de2b9dcc393\" class=\"uvc-heading ult-adjust-bottom-margin ultimate-heading-521869de2b9dcc393 uvc-6797\" data-hspacer=\"no_spacer\"  data-halign=\"center\" style=\"text-align:center\"><div class=\"uvc-heading-spacer no_spacer\" style=\"top\"><\/div><div class=\"uvc-main-heading ult-responsive\"  data-ultimate-target='.uvc-heading.ultimate-heading-521869de2b9dcc393 h2'  data-responsive-json-new='{\"font-size\":\"\",\"line-height\":\"\"}' ><h2 style=\"font-weight:normal;margin-bottom:1rem;\">Newsletter abonnieren<\/h2><\/div><\/div><div class=\"wpb_text_column\"><div class=\"wpb_wrapper\"><p><!-- Begin Mailchimp Signup Form --><\/p>\n<style type=\"text\/css\">\n\t#mc_embed_signup{background:#fff; clear:left; font:14px Helvetica,Arial,sans-serif; text-align: center;}<br \/>\t\/* Add your own MailChimp form style overrides in your site stylesheet or in this style block.<br \/>\t   We recommend moving this block and the preceding CSS link to the HEAD of your HTML file. *\/<br \/><\/style>\n<style type=\"text\/css\">\n\t#mc-embedded-subscribe-form input[type=checkbox]{display: inline; width: auto;margin-right: 10px;}<br \/>\t#mergeRow-gdpr {margin-top: 20px;}<br \/>\t#mergeRow-gdpr fieldset label {font-weight: normal;}<br \/>\t#mc-embedded-subscribe-form .mc_fieldset{border:none;min-height: 0px;padding-bottom:0px;}<br \/><\/style>\n<div id=\"mc_embed_signup\">\n<form id=\"mc-embedded-subscribe-form\" class=\"validate\" action=\"https:\/\/fairloetet.us15.list-manage.com\/subscribe\/post?u=5a54e53b8f016b191230be29c&#038;id=040cb90e71\" method=\"post\" name=\"mc-embedded-subscribe-form\" novalidate=\"\" target=\"_blank\" data-trp-original-action=\"https:\/\/fairloetet.us15.list-manage.com\/subscribe\/post?u=5a54e53b8f016b191230be29c&amp;id=040cb90e71\">\n<div id=\"mc_embed_signup_scroll\">\n<div class=\"mc-field-group\"><label for=\"mce-EMAIL\">E-Mail-Adresse<\/label><br \/>\n<input id=\"mce-EMAIL\" class=\"required email\" name=\"EMAIL\" type=\"email\" value=\"\" \/><\/div>\n<div id=\"mergeRow-gdpr\" class=\"mergeRow gdpr-mergeRow content__gdprBlock mc-field-group\">\n<div class=\"content__gdpr\">\n<p><label>DSGVO-Erlaubnis:<\/label><br \/>\nBitte erlaube uns explizit, im Sinne der DSGVO E-Mails zu senden.<\/p>\n<fieldset class=\"mc_fieldset gdprRequired mc-field-group\" name=\"interestgroup_field\"><label class=\"checkbox subfield\" for=\"gdpr_10043\"><input id=\"gdpr_10043\" class=\"av-checkbox gdpr\" name=\"gdpr&#091;10043&#093;\" type=\"checkbox\" value=\"Y\" \/>E-Mail-Zustellung erlauben <\/label><\/fieldset>\n<p>Du kannst Dich jederzeit abmelden, indem Du auf den Link in der Fu\u00dfzeile unserer E-Mails klickst. Informationen zu unseren Datenschutzpraktiken findest Du unter <a href=\"https:\/\/fairloetet.de\/en\/datenschutz\/\">Datenschutz<\/a>.<\/p>\n<\/div>\n<\/div>\n<div id=\"mce-responses\" class=\"clear\">\n<div id=\"mce-error-response\" class=\"response\" style=\"display: none;\"><\/div>\n<div id=\"mce-success-response\" class=\"response\" style=\"display: none;\"><\/div>\n<\/div>\n<p><!-- real people should not fill this in and expect good things - do not remove this or risk form bot signups--><\/p>\n<div style=\"position: absolute; left: -5000px;\" aria-hidden=\"true\"><input tabindex=\"-1\" name=\"b_5a54e53b8f016b191230be29c_040cb90e71\" type=\"text\" value=\"\" \/><\/div>\n<div class=\"clear\"><input id=\"mc-embedded-subscribe\" class=\"button\" name=\"subscribe\" type=\"submit\" value=\"Newsletter abonnieren\" \/><\/div>\n<\/div>\n<input type=\"hidden\" name=\"trp-form-language\" value=\"en\"\/><\/form>\n<\/div>\n<p><!--End mc_embed_signup--><\/p>\n<\/div><\/div><\/div><\/div><div class=\"wpb_column vc_column_container\"><div class=\"vc_column-inner\"><\/div><\/div><\/div><\/div><\/section><section class=\"l-section wpb_row height_medium\"><div class=\"l-section-h i-cf\"><div class=\"g-cols vc_row via_grid cols_1 laptops-cols_inherit tablets-cols_inherit mobiles-cols_1 valign_top type_default stacking_default\"><div class=\"wpb_column vc_column_container\"><div class=\"vc_column-inner\"><div class=\"wpb_text_column\"><div class=\"wpb_wrapper\"><h4>Neueste Beitr\u00e4ge<\/h4>\n<div  class=\"rpwe-block\"><ul class=\"rpwe-ul\"><li class=\"rpwe-li rpwe-clearfix\"><h3 class=\"rpwe-title\"><a href=\"https:\/\/fairloetet.de\/en\/faires-kupfer-in-die-praxis-bringen-unterstuetzung-gesucht\/\" target=\"_self\">Faires Kupfer in die Praxis bringen &#8211; Unterst\u00fctzung gesucht<\/a><\/h3><time class=\"rpwe-time published\" datetime=\"2026-02-06T11:24:50+01:00\">6. February 2026<\/time><\/li><li class=\"rpwe-li rpwe-clearfix\"><h3 class=\"rpwe-title\"><a href=\"https:\/\/fairloetet.de\/en\/warum-im-hs10-fair-kein-blei-ist\/\" target=\"_self\">Warum im HS10 Fair kein Blei ist<\/a><\/h3><time class=\"rpwe-time published\" datetime=\"2020-06-03T18:54:40+02:00\">3. June 2020<\/time><\/li><li class=\"rpwe-li rpwe-clearfix\"><h3 class=\"rpwe-title\"><a href=\"https:\/\/fairloetet.de\/en\/strategietagung-2020\/\" target=\"_self\">Strategietagung 2020<\/a><\/h3><time class=\"rpwe-time published\" datetime=\"2020-05-13T21:59:18+02:00\">13. May 2020<\/time><\/li><li class=\"rpwe-li rpwe-clearfix\"><h3 class=\"rpwe-title\"><a href=\"https:\/\/fairloetet.de\/en\/das-fairphone-3-und-seine-rohstoffprogramme\/\" target=\"_self\">Das Fairphone 3 und seine Rohstoffprogramme<\/a><\/h3><time class=\"rpwe-time published\" datetime=\"2020-05-11T20:58:08+02:00\">11. May 2020<\/time><\/li><li class=\"rpwe-li rpwe-clearfix\"><h3 class=\"rpwe-title\"><a href=\"https:\/\/fairloetet.de\/en\/eco-tin-von-felder\/\" target=\"_self\">Eco-Tin von Felder<\/a><\/h3><time class=\"rpwe-time published\" datetime=\"2020-05-07T18:13:33+02:00\">7. May 2020<\/time><\/li><li class=\"rpwe-li rpwe-clearfix\"><h3 class=\"rpwe-title\"><a href=\"https:\/\/fairloetet.de\/en\/fairtronics-easy-supply-chain-risk-analysis\/\" target=\"_self\">Fairtronics: Easy Supply-Chain Risk Analysis<\/a><\/h3><time class=\"rpwe-time published\" datetime=\"2020-02-11T13:05:52+01:00\">11. February 2020<\/time><\/li><li class=\"rpwe-li rpwe-clearfix\"><h3 class=\"rpwe-title\"><a href=\"https:\/\/fairloetet.de\/en\/initiative-lieferkettengesetz\/\" target=\"_self\">Initiative Lieferkettengesetz<\/a><\/h3><time class=\"rpwe-time published\" datetime=\"2020-01-13T10:01:01+01:00\">13. January 2020<\/time><\/li><li class=\"rpwe-li rpwe-clearfix\"><h3 class=\"rpwe-title\"><a href=\"https:\/\/fairloetet.de\/en\/fairloetet-auf-dem-36c3\/\" target=\"_self\">FairL\u00f6tet auf dem 36C3<\/a><\/h3><time class=\"rpwe-time published\" datetime=\"2019-12-25T12:56:40+01:00\">25. December 2019<\/time><\/li><li class=\"rpwe-li rpwe-clearfix\"><h3 class=\"rpwe-title\"><a href=\"https:\/\/fairloetet.de\/en\/samsung-in-frankreich-wegen-ist-ja-gar-nicht-so-fair-wie-behauptet-vor-gericht\/\" target=\"_self\">Samsung in Frankreich wegen &#8222;ist ja gar nicht so fair wie behauptet&#8220; vor Gericht<\/a><\/h3><time class=\"rpwe-time published\" datetime=\"2019-08-16T15:11:33+02:00\">16. August 2019<\/time><\/li><li class=\"rpwe-li rpwe-clearfix\"><h3 class=\"rpwe-title\"><a href=\"https:\/\/fairloetet.de\/en\/ist-hs10fair-wirklich-fair\/\" target=\"_self\">Ist HS10 FAIR wirklich fair?<\/a><\/h3><time class=\"rpwe-time published\" datetime=\"2019-07-19T16:55:10+02:00\">19. July 2019<\/time><\/li><\/ul><\/div><!-- Generated by http:\/\/wordpress.org\/plugins\/recent-posts-widget-extended\/ -->\n<\/div><\/div><\/div><\/div><\/div><\/div><\/section><section class=\"l-section wpb_row height_medium\"><div class=\"l-section-h i-cf\"><div class=\"g-cols vc_row via_grid cols_2 laptops-cols_inherit tablets-cols_inherit mobiles-cols_1 valign_top type_default stacking_default\"><div class=\"wpb_column vc_column_container\"><div class=\"vc_column-inner\"><div class=\"w-image align_none\"><a href=\"https:\/\/responsiblemining.net\/\" aria-label=\"IRMA_ML_Long Colour_RGB\" class=\"w-image-h\"><img decoding=\"async\" width=\"229\" height=\"278\" src=\"https:\/\/fairloetet.de\/wp-content\/uploads\/2024\/04\/IRMA_ML_Long-Colour_RGB.png\" class=\"attachment-large size-large\" alt=\"FairL\u00f6tet is a member of the Initiative for Responsible Mining Assurance\" loading=\"lazy\" \/><\/a><\/div><\/div><\/div><div class=\"wpb_column vc_column_container\"><div class=\"vc_column-inner\"><div class=\"w-image align_center\"><a title=\"Transparenz\" href=\"https:\/\/fairloetet.de\/en\/ueber-uns\/transparenz\/\" aria-label=\"Transparente_ZivilgesellschaftPNG\" class=\"w-image-h\"><img decoding=\"async\" width=\"300\" height=\"82\" src=\"https:\/\/fairloetet.de\/wp-content\/uploads\/2018\/11\/Transparente_ZivilgesellschaftPNG-300x82.png\" class=\"attachment-medium size-medium\" alt=\"\" loading=\"lazy\" srcset=\"https:\/\/fairloetet.de\/wp-content\/uploads\/2018\/11\/Transparente_ZivilgesellschaftPNG-300x82.png 300w, https:\/\/fairloetet.de\/wp-content\/uploads\/2018\/11\/Transparente_ZivilgesellschaftPNG.png 735w\" sizes=\"(max-width: 300px) 100vw, 300px\" \/><\/a><\/div><\/div><\/div><\/div><\/div><\/section>","protected":false},"excerpt":{"rendered":"Der Kaffeer\u00f6ster Tschedu bietet eine neue, nun auch faire Kaffeemischung an. &#8222;Wir mischen Bohnen aus verschiedenen Restbest\u00e4nden, die ansonsten weggeworfen worden w\u00e4ren&#8220;, berichtet der Produktmanager. Der Kauf der Kaffeesorte &#8222;Feine Bohne FAIR&#8220; vermeide dadurch Kinderarbeit bei der Kaffeeernte und sei also insgesamt &#8222;ausbeutungsfrei&#8220;. Es klingt ungew\u00f6hnlich, ein Produkt als fair zu bezeichnen, welches aus wiederverwerteten,...","protected":false},"author":2,"featured_media":0,"parent":0,"menu_order":0,"comment_status":"closed","ping_status":"closed","template":"","meta":{"footnotes":""},"class_list":["post-16","page","type-page","status-publish","hentry"],"_links":{"self":[{"href":"https:\/\/fairloetet.de\/en\/wp-json\/wp\/v2\/pages\/16"}],"collection":[{"href":"https:\/\/fairloetet.de\/en\/wp-json\/wp\/v2\/pages"}],"about":[{"href":"https:\/\/fairloetet.de\/en\/wp-json\/wp\/v2\/types\/page"}],"author":[{"embeddable":true,"href":"https:\/\/fairloetet.de\/en\/wp-json\/wp\/v2\/users\/2"}],"replies":[{"embeddable":true,"href":"https:\/\/fairloetet.de\/en\/wp-json\/wp\/v2\/comments?post=16"}],"version-history":[{"count":52,"href":"https:\/\/fairloetet.de\/en\/wp-json\/wp\/v2\/pages\/16\/revisions"}],"predecessor-version":[{"id":875,"href":"https:\/\/fairloetet.de\/en\/wp-json\/wp\/v2\/pages\/16\/revisions\/875"}],"wp:attachment":[{"href":"https:\/\/fairloetet.de\/en\/wp-json\/wp\/v2\/media?parent=16"}],"curies":[{"name":"wp","href":"https:\/\/api.w.org\/{rel}","templated":true}]}}