{"id":240,"date":"2018-04-20T17:51:25","date_gmt":"2018-04-20T15:51:25","guid":{"rendered":"https:\/\/fairloetet.de\/?page_id=240"},"modified":"2019-08-04T18:11:30","modified_gmt":"2019-08-04T16:11:30","slug":"impressum","status":"publish","type":"page","link":"https:\/\/fairloetet.de\/en\/impressum\/","title":{"rendered":"Impressum"},"content":{"rendered":"<section class=\"l-section wpb_row height_medium\"><div class=\"l-section-h i-cf\"><div class=\"g-cols vc_row via_grid cols_2-1 laptops-cols_inherit tablets-cols_inherit mobiles-cols_1 valign_top type_default stacking_default\"><div class=\"wpb_column vc_column_container\"><div class=\"vc_column-inner\"><div class=\"wpb_text_column\"><div class=\"wpb_wrapper\"><p>FairL\u00f6tet e.V.<br \/>\nc\/o Infoladen Wilhelmsburg<br \/>\nF\u00e4hrstra\u00dfe 48<br \/>\n21107 Hamburg<br \/>\nDeutschland<\/p>\n<p>Telefon: 040-36199027<br \/>\nWeb:\u00a0<a title=\"FairL\u00f6tet e.V.\" href=\"https:\/\/fairloetet.de\/en\/\">https:\/\/fairloetet.de<\/a><br \/>\nE-Mail:\u00a0<a href=\"mailto:post@fairloetet.de\">post@fairloetet.de<\/a><br \/>\nE-Mail Onlineshop:\u00a0<a href=\"mailto:shop@fairloetet.de\">shop@fairloetet.de<\/a>\u00a0(benutzen sie diese E-Mail bei Fragen zu bestellungen)<\/p>\n<p>Steuernummer: 17\/440\/22653<\/p>\n<p>Kontoinhaber: FairL\u00f6tet e.V.<br \/>\nKreditinstitut: GLS Bank<br \/>\nIBAN: DE12430609672061321800<\/p>\n<p>F\u00fcr Fragen zu Bestellungen, Reklamationen und Beanstandungen erreichen sie uns unter Telefon 040-36199027 sowie per Email unter\u00a0<a href=\"mailto:shop@fairloetet.de\">shop@fairloetet.de<\/a>.<\/p>\n<p>FairL\u00f6tet e.V. wird vertreten durch die 1. Vorsitzende Astrid Lorenzen (Kontakt: <a href=\"mailto:a.lorenzen@fairloetet.de\">a.lorenzen@fairloetet.de<\/a>).<br \/>\nSitzt des Vereins: Hamburg<br \/>\nRegistergericht: Amtsgericht Hamburg VR22710<\/p>\n<h3>DISCLAIMER<\/h3>\n<p>Bei direkten oder indirekten Verweisen auf fremde Webseiten (&#8222;Hyperlinks&#8220;), die au\u00dferhalb des Verantwortungsbereiches des Autors liegen, w\u00fcrde eine Haftungsverpflichtung ausschlie\u00dflich in dem Fall in Kraft treten, in dem der Autor von den Inhalten Kenntnis hat und es ihm technisch m\u00f6glich und zumutbar w\u00e4re, die Nutzung im Falle rechtswidriger Inhalte zu verhindern. Der Autor erkl\u00e4rt hiermit ausdr\u00fccklich, dass zum Zeitpunkt der Linksetzung keine illegalen Inhalte auf den zu verlinkenden Seiten erkennbar waren. Auf die aktuelle und zuk\u00fcnftige Gestaltung, die Inhalte oder die Urheberschaft der verlinkten\/verkn\u00fcpften Seiten hat der Autor keinerlei Einfluss. Deshalb distanziert er sich hiermit ausdr\u00fccklich von allen Inhalten aller verlinkten \/verkn\u00fcpften Seiten, die nach der Linksetzung ver\u00e4ndert wurden. Diese Feststellung gilt f\u00fcr alle innerhalb des eigenen Internetangebotes gesetzten Links und Verweise sowie f\u00fcr Fremdeintr\u00e4ge in vom Autor eingerichteten G\u00e4steb\u00fcchern, Diskussionsforen, Linkverzeichnissen, Mailinglisten und in allen anderen Formen von Datenbanken, auf deren Inhalt externe Schreibzugriffe m\u00f6glich sind. F\u00fcr illegale, fehlerhafte oder unvollst\u00e4ndige Inhalte und insbesondere f\u00fcr Sch\u00e4den, die aus der Nutzung oder Nichtnutzung solcherart dargebotener Informationen entstehen, haftet allein der Anbieter der Seite, auf welche verwiesen wurde, nicht derjenige, der \u00fcber Links auf die jeweilige Ver\u00f6ffentlichung lediglich verweist.<\/p>\n<h3>URHEBER- UND KENNZEICHENRECHT<\/h3>\n<p>Der Autor ist bestrebt, in allen Publikationen die Urheberrechte der verwendeten Bilder, Grafiken, Tondokumente, Videosequenzen und Texte zu beachten, von ihm selbst erstellte Bilder, Grafiken, Tondokumente, Videosequenzen und Texte zu nutzen oder auf lizenzfreie Grafiken, Tondokumente, Videosequenzen und Texte zur\u00fcckzugreifen. Alle innerhalb des Internetangebotes genannten und ggf. durch Dritte gesch\u00fctzten Marken- und Warenzeichen unterliegen uneingeschr\u00e4nkt den Bestimmungen des jeweils g\u00fcltigen Kennzeichenrechts und den Besitzrechten der jeweiligen eingetragenen Eigent\u00fcmer. Allein aufgrund der blo\u00dfen Nennung ist nicht der Schluss zu ziehen, dass Markenzeichen nicht durch Rechte Dritter gesch\u00fctzt sind! Das Copyright f\u00fcr ver\u00f6ffentlichte, vom Autor selbst erstellte Objekte bleibt allein beim Autor der Seiten. Eine Vervielf\u00e4ltigung oder Verwendung solcher Grafiken, Tondokumente, Videosequenzen und Texte in anderen elektronischen oder gedruckten Publikationen ist ohne ausdr\u00fcckliche Zustimmung des Autors nicht gestattet.<\/p>\n<\/div><\/div><\/div><\/div><div class=\"wpb_column vc_column_container\"><div class=\"vc_column-inner\"><\/div><\/div><\/div><\/div><\/section>","protected":false},"excerpt":{"rendered":"FairL\u00f6tet e.V. c\/o Infoladen Wilhelmsburg F\u00e4hrstra\u00dfe 48 21107 Hamburg Deutschland Telefon: 040-36199027 Web:\u00a0https:\/\/fairloetet.de E-Mail:\u00a0post@fairloetet.de E-Mail Onlineshop:\u00a0shop@fairloetet.de\u00a0(benutzen sie diese E-Mail bei Fragen zu bestellungen) Steuernummer: 17\/440\/22653 Kontoinhaber: FairL\u00f6tet e.V. Kreditinstitut: GLS Bank IBAN: DE12430609672061321800 F\u00fcr Fragen zu Bestellungen, Reklamationen und Beanstandungen erreichen sie uns unter Telefon 040-36199027 sowie per Email unter\u00a0shop@fairloetet.de. FairL\u00f6tet e.V. wird vertreten durch...","protected":false},"author":2,"featured_media":0,"parent":0,"menu_order":99,"comment_status":"closed","ping_status":"closed","template":"","meta":{"footnotes":""},"class_list":["post-240","page","type-page","status-publish","hentry"],"_links":{"self":[{"href":"https:\/\/fairloetet.de\/en\/wp-json\/wp\/v2\/pages\/240"}],"collection":[{"href":"https:\/\/fairloetet.de\/en\/wp-json\/wp\/v2\/pages"}],"about":[{"href":"https:\/\/fairloetet.de\/en\/wp-json\/wp\/v2\/types\/page"}],"author":[{"embeddable":true,"href":"https:\/\/fairloetet.de\/en\/wp-json\/wp\/v2\/users\/2"}],"replies":[{"embeddable":true,"href":"https:\/\/fairloetet.de\/en\/wp-json\/wp\/v2\/comments?post=240"}],"version-history":[{"count":8,"href":"https:\/\/fairloetet.de\/en\/wp-json\/wp\/v2\/pages\/240\/revisions"}],"predecessor-version":[{"id":1063,"href":"https:\/\/fairloetet.de\/en\/wp-json\/wp\/v2\/pages\/240\/revisions\/1063"}],"wp:attachment":[{"href":"https:\/\/fairloetet.de\/en\/wp-json\/wp\/v2\/media?parent=240"}],"curies":[{"name":"wp","href":"https:\/\/api.w.org\/{rel}","templated":true}]}}