{"id":35,"date":"2018-04-18T14:13:06","date_gmt":"2018-04-18T12:13:06","guid":{"rendered":"https:\/\/fairloetet.de\/?page_id=35"},"modified":"2023-12-03T16:27:16","modified_gmt":"2023-12-03T15:27:16","slug":"gruendung","status":"publish","type":"page","link":"https:\/\/fairloetet.de\/en\/ueber-uns\/gruendung\/","title":{"rendered":"Gr\u00fcndung"},"content":{"rendered":"<section class=\"l-section wpb_row height_medium\"><div class=\"l-section-h i-cf\"><div class=\"g-cols vc_row via_grid cols_2-1 laptops-cols_inherit tablets-cols_inherit mobiles-cols_1 valign_top type_default stacking_default\"><div class=\"wpb_column vc_column_container\"><div class=\"vc_column-inner\"><div class=\"wpb_text_column\"><div class=\"wpb_wrapper\"><h2>Hannover, 2014<\/h2>\n<p>Auf der Maker Faire Hannover 2014 war es eine Gruppe von f\u00fcnf Aktiven im Bereich faire Elektronik, die das Ziel einer Initiative formulierte: faires L\u00f6tzinn aus Recyclingzinn als ersten Schritt!<\/p>\n<p>Wir setzten eine Online-Umfrage auf, um herauszufinden, ob auch Andere gerne eine faire Alternative beim L\u00f6tzinn h\u00e4tten. Es beteiligten sich letztendlich weit \u00fcber 300 Personen an der Umfrage. Das Ergebnis war, dass fast alle Umfrageteilnehmer*innen ein faires L\u00f6tzinn einem herk\u00f6mmlich gewonnenem Zinn vorziehen w\u00fcrden.<\/p>\n<p>Nach positiven Presseberichten, beispielsweise bei\u00a0<a href=\"http:\/\/heise.de\/-2441134\">heise online<\/a>, kam das Traditionsunternehmen Stannol, einer der f\u00fchrenden Hersteller von L\u00f6tzinn, auf FairL\u00f6tet zu. Sie erz\u00e4hlten uns, dass sie sich auch schon mit den Themen Nachhaltigkeit und faire Abbaubedingungen besch\u00e4ftigt haben und sich daher f\u00fcr unser Vorhaben interessieren.<\/p>\n<p>Wir hatten die M\u00f6glichkeit Stannols Produktion in Wuppertal zu besuchen. Nach gegenseitigem Vorstellen der Ideen zu einem fairen L\u00f6tdraht starteten wir eine Kooperation mit dem Ziel eine kleine Charge mit m\u00f6glichst ausbeutungsfrei produziertem L\u00f6tzinn auf den Markt zu bringen.<\/p>\n<p>Bei der Kooperation liegt unsere Kompetenz bei den Kriterien einer fairen und nachhaltigen Produktion, Stannol bringt die Mittel und die Erfahrung bei der Produktion und Vermarktung von L\u00f6tdraht ein.<\/p>\n<h2>HS10 FAIR<\/h2>\n<p>F\u00fcr diese erste Charge Draht wird ausschlie\u00dflich Zinn aus Sekund\u00e4rrohstoff verwendet, damit haben wir unseren ersten Meilenstein erreicht. Wir vermeiden damit, dass f\u00fcr unseren L\u00f6tdraht neues Zinn unter ausbeuterischen Bedingungen und Zerst\u00f6rung von einmaligen Naturr\u00e4umen abgebaut wurde. Mehr dazu auf unserer Projektseite.<\/p>\n<p>Auf der Maker Faire im Oktober 2016 in Berlin konnten wir nun das gemeinsame Produkt HS10 FAIR dem Maker-Publikum vorstellen. Direkte Anwendung fand es in den Workshops, wo die faire Computermaus von Nager IT gel\u00f6tet wurde.<\/p>\n<\/div><\/div><\/div><\/div><div class=\"wpb_column vc_column_container\"><div class=\"vc_column-inner\"><\/div><\/div><\/div><\/div><\/section>","protected":false},"excerpt":{"rendered":"Hannover, 2014 Auf der Maker Faire Hannover 2014 war es eine Gruppe von f\u00fcnf Aktiven im Bereich faire Elektronik, die das Ziel einer Initiative formulierte: faires L\u00f6tzinn aus Recyclingzinn als ersten Schritt! Wir setzten eine Online-Umfrage auf, um herauszufinden, ob auch Andere gerne eine faire Alternative beim L\u00f6tzinn h\u00e4tten. Es beteiligten sich letztendlich weit \u00fcber...","protected":false},"author":2,"featured_media":0,"parent":20,"menu_order":0,"comment_status":"closed","ping_status":"closed","template":"","meta":{"footnotes":""},"class_list":["post-35","page","type-page","status-publish","hentry"],"_links":{"self":[{"href":"https:\/\/fairloetet.de\/en\/wp-json\/wp\/v2\/pages\/35"}],"collection":[{"href":"https:\/\/fairloetet.de\/en\/wp-json\/wp\/v2\/pages"}],"about":[{"href":"https:\/\/fairloetet.de\/en\/wp-json\/wp\/v2\/types\/page"}],"author":[{"embeddable":true,"href":"https:\/\/fairloetet.de\/en\/wp-json\/wp\/v2\/users\/2"}],"replies":[{"embeddable":true,"href":"https:\/\/fairloetet.de\/en\/wp-json\/wp\/v2\/comments?post=35"}],"version-history":[{"count":25,"href":"https:\/\/fairloetet.de\/en\/wp-json\/wp\/v2\/pages\/35\/revisions"}],"predecessor-version":[{"id":1532,"href":"https:\/\/fairloetet.de\/en\/wp-json\/wp\/v2\/pages\/35\/revisions\/1532"}],"up":[{"embeddable":true,"href":"https:\/\/fairloetet.de\/en\/wp-json\/wp\/v2\/pages\/20"}],"wp:attachment":[{"href":"https:\/\/fairloetet.de\/en\/wp-json\/wp\/v2\/media?parent=35"}],"curies":[{"name":"wp","href":"https:\/\/api.w.org\/{rel}","templated":true}]}}