{"id":42,"date":"2018-04-18T14:20:42","date_gmt":"2018-04-18T12:20:42","guid":{"rendered":"https:\/\/fairloetet.de\/?page_id=42"},"modified":"2018-09-30T21:17:00","modified_gmt":"2018-09-30T19:17:00","slug":"das-team","status":"publish","type":"page","link":"https:\/\/fairloetet.de\/en\/ueber-uns\/das-team\/","title":{"rendered":"Das Team"},"content":{"rendered":"<section class=\"l-section wpb_row height_medium\"><div class=\"l-section-h i-cf\"><div class=\"g-cols vc_row via_grid cols_2-1 laptops-cols_inherit tablets-cols_inherit mobiles-cols_1 valign_top type_default stacking_default\"><div class=\"wpb_column vc_column_container\"><div class=\"vc_column-inner\"><div class=\"wpb_text_column\"><div class=\"wpb_wrapper\"><p>Wir sind eine Gruppe von Engagierten aus den Bereichen IT, Naturwissenschaften und Design, die 2016 den Verein FairL\u00f6tet gegr\u00fcndet habe. Seitdem sind nicht nur neue Mitglieder aus anderen Bereichen hinzugekommen, sondern wir haben auch eine Reihe von Workshops, Vortr\u00e4gen und Info-St\u00e4nden auf Veranstaltungen in ganz Deutschland durchgef\u00fchrt. Dar\u00fcber hinaus halten wir Seminare zu nachhaltiger Rohstoffgewinnung, unter anderen an der Leuphana Universit\u00e4t in L\u00fcneburg.<\/p>\n<p>Gemeinsam mit dem L\u00f6tdrahthersteller Stannol haben wir den Entwurf eines L\u00f6tzinnprodukts auf Recyclingbasis entwickelt. Unser Ziel ist es Menschen zu informieren und zum Handeln zu ermutigen. Zudem wollen wir aktiv am Wirtschaftsprozess teilnehmen \u2013 f\u00fcr soziale Nachhaltigkeit in der globalisierten Elektronikindustrie.<\/p>\n<p>Wenn auch du Teil unseren Teams sein m\u00f6chtest, dann <a href=\"https:\/\/fairloetet.de\/en\/aktiv-werden\/mitmachen\/\">melde dich bei uns<\/a>.<\/p>\n<p>Wir freuen uns auf dich!<\/p>\n<p>Dein FairL\u00f6tet-Team<\/p>\n<p><img loading=\"lazy\" decoding=\"async\" class=\"alignleft wp-image-561 size-medium\" src=\"https:\/\/fairloetet.de\/wp-content\/uploads\/2018\/09\/image1-300x225.jpg\" alt=\"\" width=\"300\" height=\"225\" srcset=\"https:\/\/fairloetet.de\/wp-content\/uploads\/2018\/09\/image1-300x225.jpg 300w, https:\/\/fairloetet.de\/wp-content\/uploads\/2018\/09\/image1-1024x768.jpg 1024w, https:\/\/fairloetet.de\/wp-content\/uploads\/2018\/09\/image1-768x576.jpg 768w, https:\/\/fairloetet.de\/wp-content\/uploads\/2018\/09\/image1.jpg 1200w\" sizes=\"(max-width: 300px) 100vw, 300px\" \/><\/p>\n<p><img loading=\"lazy\" decoding=\"async\" class=\"alignleft wp-image-572 size-medium\" src=\"https:\/\/fairloetet.de\/wp-content\/uploads\/2018\/09\/CIMG1772-236x300.jpg\" alt=\"\" width=\"236\" height=\"300\" srcset=\"https:\/\/fairloetet.de\/wp-content\/uploads\/2018\/09\/CIMG1772-236x300.jpg 236w, https:\/\/fairloetet.de\/wp-content\/uploads\/2018\/09\/CIMG1772-805x1024.jpg 805w, https:\/\/fairloetet.de\/wp-content\/uploads\/2018\/09\/CIMG1772-768x977.jpg 768w\" sizes=\"(max-width: 236px) 100vw, 236px\" \/><\/p>\n<p><img loading=\"lazy\" decoding=\"async\" class=\"size-medium wp-image-579 alignleft\" src=\"https:\/\/fairloetet.de\/wp-content\/uploads\/2018\/09\/IMG_6463-300x225.jpg\" alt=\"\" width=\"300\" height=\"225\" srcset=\"https:\/\/fairloetet.de\/wp-content\/uploads\/2018\/09\/IMG_6463-300x225.jpg 300w, https:\/\/fairloetet.de\/wp-content\/uploads\/2018\/09\/IMG_6463-1024x768.jpg 1024w, https:\/\/fairloetet.de\/wp-content\/uploads\/2018\/09\/IMG_6463-768x576.jpg 768w\" sizes=\"(max-width: 300px) 100vw, 300px\" \/><\/p>\n<\/div><\/div><\/div><\/div><div class=\"wpb_column vc_column_container\"><div class=\"vc_column-inner\"><\/div><\/div><\/div><\/div><\/section>","protected":false},"excerpt":{"rendered":"Wir sind eine Gruppe von Engagierten aus den Bereichen IT, Naturwissenschaften und Design, die 2016 den Verein FairL\u00f6tet gegr\u00fcndet habe. Seitdem sind nicht nur neue Mitglieder aus anderen Bereichen hinzugekommen, sondern wir haben auch eine Reihe von Workshops, Vortr\u00e4gen und Info-St\u00e4nden auf Veranstaltungen in ganz Deutschland durchgef\u00fchrt. Dar\u00fcber hinaus halten wir Seminare zu nachhaltiger Rohstoffgewinnung,...","protected":false},"author":2,"featured_media":0,"parent":20,"menu_order":5,"comment_status":"closed","ping_status":"closed","template":"","meta":{"footnotes":""},"class_list":["post-42","page","type-page","status-publish","hentry"],"_links":{"self":[{"href":"https:\/\/fairloetet.de\/en\/wp-json\/wp\/v2\/pages\/42"}],"collection":[{"href":"https:\/\/fairloetet.de\/en\/wp-json\/wp\/v2\/pages"}],"about":[{"href":"https:\/\/fairloetet.de\/en\/wp-json\/wp\/v2\/types\/page"}],"author":[{"embeddable":true,"href":"https:\/\/fairloetet.de\/en\/wp-json\/wp\/v2\/users\/2"}],"replies":[{"embeddable":true,"href":"https:\/\/fairloetet.de\/en\/wp-json\/wp\/v2\/comments?post=42"}],"version-history":[{"count":14,"href":"https:\/\/fairloetet.de\/en\/wp-json\/wp\/v2\/pages\/42\/revisions"}],"predecessor-version":[{"id":603,"href":"https:\/\/fairloetet.de\/en\/wp-json\/wp\/v2\/pages\/42\/revisions\/603"}],"up":[{"embeddable":true,"href":"https:\/\/fairloetet.de\/en\/wp-json\/wp\/v2\/pages\/20"}],"wp:attachment":[{"href":"https:\/\/fairloetet.de\/en\/wp-json\/wp\/v2\/media?parent=42"}],"curies":[{"name":"wp","href":"https:\/\/api.w.org\/{rel}","templated":true}]}}