{"id":47,"date":"2018-04-18T14:21:38","date_gmt":"2018-04-18T12:21:38","guid":{"rendered":"https:\/\/fairloetet.de\/?page_id=47"},"modified":"2025-11-21T10:15:35","modified_gmt":"2025-11-21T09:15:35","slug":"satzung-berichte","status":"publish","type":"page","link":"https:\/\/fairloetet.de\/en\/ueber-uns\/satzung-berichte\/","title":{"rendered":"Satzung &#038; Berichte"},"content":{"rendered":"<section class=\"l-section wpb_row height_medium\"><div class=\"l-section-h i-cf\"><div class=\"g-cols vc_row via_grid cols_1 laptops-cols_inherit tablets-cols_inherit mobiles-cols_1 valign_top type_default stacking_default\"><div class=\"wpb_column vc_column_container\"><div class=\"vc_column-inner\"><div class=\"wpb_text_column\"><div class=\"wpb_wrapper\"><h2>Satzung<\/h2>\n<p><a href=\"https:\/\/fairloetet.de\/wp-content\/uploads\/2018\/09\/2017-12-27-Satzung-des-FairL\u00f6tet-e.V..pdf\">Aktuelle Satzung FairL\u00f6tet e.V.<\/a><\/p>\n<h2>Jahresberichte<\/h2>\n<p><a href=\"https:\/\/fairloetet.nohost.me\/nextcloud\/s\/YT6FBRWMXP4bqtr\" target=\"_blank\" rel=\"noopener\">FairL\u00f6tet Jahresbericht 2024<\/a><\/p>\n<p><a href=\"https:\/\/fairloetet.nohost.me\/nextcloud\/s\/qibTyQZoqKXRgBy\" target=\"_blank\" rel=\"noopener\">FairL\u00f6tet Jahresbericht 2023\u00a0<\/a><\/p>\n<p><a href=\"https:\/\/fairloetet.nohost.me\/nextcloud\/s\/J8ZrtYaJsQ4BzjG\" target=\"_blank\" rel=\"noopener\">FairL\u00f6tet Jahresbericht 2022<\/a><\/p>\n<p><a href=\"https:\/\/fairloetet.nohost.me\/nextcloud\/s\/FmsYJDj53HcayG2\" target=\"_blank\" rel=\"noopener\">FairL\u00f6tet Jahresbericht 2021<\/a><\/p>\n<p><a href=\"https:\/\/fairloetet.de\/wp-content\/uploads\/2021\/07\/Jahresbericht_2020.pdf\">FairL\u00f6tet Jahresbericht 2020<\/a><\/p>\n<p><a href=\"https:\/\/fairloetet.de\/wp-content\/uploads\/2021\/07\/Jahresbericht_FL_2019.pdf\">FairL\u00f6tet Jahresbericht 2019<\/a><\/p>\n<p><a href=\"https:\/\/fairloetet.de\/wp-content\/uploads\/2018\/12\/Jahresbericht_FL_2018_ohne-Namen.pdf\">FairL\u00f6tet Jahresbericht 2018<\/a><\/p>\n<p><a href=\"https:\/\/fairloetet.de\/wp-content\/uploads\/2018\/09\/Jahresbericht_FL_2017.pdf\">FairL\u00f6tet Jahresbericht 2017<\/a><\/p>\n<p><a href=\"https:\/\/fairloetet.de\/wp-content\/uploads\/2018\/09\/Jahresbericht_FL_2016.pdf\">FairL\u00f6tet Jahresbericht 2016<\/a><\/p>\n<h2>Finanzberichte<\/h2>\n<p><a href=\"https:\/\/fairloetet.nohost.me\/nextcloud\/s\/HHTeqY8ezGdCCq2\" target=\"_blank\" rel=\"noopener\">FairL\u00f6tet Finanzbericht 2024<\/a><\/p>\n<p><a href=\"https:\/\/fairloetet.nohost.me\/nextcloud\/s\/DmY5TWgd4NLsCsL\" target=\"_blank\" rel=\"noopener\">FairL\u00f6tet Finanzbericht 2023<\/a><\/p>\n<p><a href=\"https:\/\/fairloetet.nohost.me\/nextcloud\/s\/yE9jxQ4EF3TcSDW\" target=\"_blank\" rel=\"noopener\">FairL\u00f6tet Finanzbericht 2022<\/a><\/p>\n<p><a href=\"https:\/\/fairloetet.de\/wp-content\/uploads\/2022\/12\/Jahresabschluss-2021.pdf\">FairL\u00f6tet Finanzbericht 2021<\/a><\/p>\n<p><a href=\"https:\/\/fairloetet.de\/wp-content\/uploads\/2021\/07\/2021-07-22-Jahresabschluss-2020.pdf\">FairL\u00f6tet Finanzbericht 2020<\/a><\/p>\n<p><a href=\"https:\/\/fairloetet.de\/wp-content\/uploads\/2021\/07\/2020-07-24-Jahresabschluss-2019.pdf\">FairL\u00f6tet Finanzbericht 2019<\/a><\/p>\n<p><a href=\"https:\/\/fairloetet.de\/wp-content\/uploads\/2019\/12\/2019-07-29-Jahresabschluss-2018.pdf\">FairL\u00f6tet Finanzbericht 2018<\/a><\/p>\n<p><a href=\"https:\/\/fairloetet.de\/wp-content\/uploads\/2018\/09\/2018-07-14-Jahresabschluss-2017.pdf\">FairL\u00f6tet Finanzbericht 2017<\/a><\/p>\n<p><a href=\"https:\/\/fairloetet.de\/wp-content\/uploads\/2018\/09\/2017-07-22-Jahresabschluss-2016.pdf\">FairL\u00f6tet Finanzbericht 2016<\/a><\/p>\n<p><a href=\"https:\/\/fairloetet.de\/wp-content\/uploads\/2018\/09\/2016-10-05-Jahresabschluss-2015.pdf\">FairL\u00f6tet Finanzbericht 2015<\/a><\/p>\n<\/div><\/div><\/div><\/div><\/div><\/div><\/section>","protected":false},"excerpt":{"rendered":"Satzung Aktuelle Satzung FairL\u00f6tet e.V. Jahresberichte FairL\u00f6tet Jahresbericht 2024 FairL\u00f6tet Jahresbericht 2023\u00a0 FairL\u00f6tet Jahresbericht 2022 FairL\u00f6tet Jahresbericht 2021 FairL\u00f6tet Jahresbericht 2020 FairL\u00f6tet Jahresbericht 2019 FairL\u00f6tet Jahresbericht 2018 FairL\u00f6tet Jahresbericht 2017 FairL\u00f6tet Jahresbericht 2016 Finanzberichte FairL\u00f6tet Finanzbericht 2024 FairL\u00f6tet Finanzbericht 2023 FairL\u00f6tet Finanzbericht 2022 FairL\u00f6tet Finanzbericht 2021 FairL\u00f6tet Finanzbericht 2020 FairL\u00f6tet Finanzbericht 2019 FairL\u00f6tet Finanzbericht 2018...","protected":false},"author":2,"featured_media":0,"parent":20,"menu_order":10,"comment_status":"closed","ping_status":"closed","template":"","meta":{"footnotes":""},"class_list":["post-47","page","type-page","status-publish","hentry"],"_links":{"self":[{"href":"https:\/\/fairloetet.de\/en\/wp-json\/wp\/v2\/pages\/47"}],"collection":[{"href":"https:\/\/fairloetet.de\/en\/wp-json\/wp\/v2\/pages"}],"about":[{"href":"https:\/\/fairloetet.de\/en\/wp-json\/wp\/v2\/types\/page"}],"author":[{"embeddable":true,"href":"https:\/\/fairloetet.de\/en\/wp-json\/wp\/v2\/users\/2"}],"replies":[{"embeddable":true,"href":"https:\/\/fairloetet.de\/en\/wp-json\/wp\/v2\/comments?post=47"}],"version-history":[{"count":25,"href":"https:\/\/fairloetet.de\/en\/wp-json\/wp\/v2\/pages\/47\/revisions"}],"predecessor-version":[{"id":1675,"href":"https:\/\/fairloetet.de\/en\/wp-json\/wp\/v2\/pages\/47\/revisions\/1675"}],"up":[{"embeddable":true,"href":"https:\/\/fairloetet.de\/en\/wp-json\/wp\/v2\/pages\/20"}],"wp:attachment":[{"href":"https:\/\/fairloetet.de\/en\/wp-json\/wp\/v2\/media?parent=47"}],"curies":[{"name":"wp","href":"https:\/\/api.w.org\/{rel}","templated":true}]}}