{"id":57,"date":"2018-04-18T14:31:30","date_gmt":"2018-04-18T12:31:30","guid":{"rendered":"https:\/\/fairloetet.de\/?page_id=57"},"modified":"2025-03-02T12:24:12","modified_gmt":"2025-03-02T11:24:12","slug":"mitmachen","status":"publish","type":"page","link":"https:\/\/fairloetet.de\/en\/aktiv-werden\/mitmachen\/","title":{"rendered":"Mitmachen"},"content":{"rendered":"<section class=\"l-section wpb_row height_medium\"><div class=\"l-section-h i-cf\"><div class=\"g-cols vc_row via_grid cols_2-1 laptops-cols_inherit tablets-cols_inherit mobiles-cols_1 valign_top type_default stacking_default\"><div class=\"wpb_column vc_column_container\"><div class=\"vc_column-inner\"><div class=\"wpb_text_column\"><div class=\"wpb_wrapper\"><p>Bei FairL\u00f6tet mitzumachen ist eine wirkungsvolle M\u00f6glichkeit, sich f\u00fcr eine gerechtere Welt einzusetzen. Als Gruppe von Ehrenamtlichen legen wir Wert auf Teamgeist und Engagement. Ob du gerne bloggst, Workshops organisierst oder an spannenden Elektronikprojekten mitwirken m\u00f6chtest: Interessierte sind immer willkommen \u2013 <a href=\"mailto:ichwillmitmachen@fairloetet.de\">melde dich einfach bei uns<\/a>! Wenn du FairL\u00f6tet regelm\u00e4\u00dfig finanziell unterst\u00fctzen m\u00f6chtest, gibt es au\u00dferdem die M\u00f6glichkeit der <a href=\"https:\/\/fairloetet.de\/en\/aktiv-werden\/spenden\/\">F\u00f6rdermitgliedschaft<\/a>.<\/p>\n<h2>Wie kann ich mitarbeiten?<\/h2>\n<p>Hier sind einige Themenbereiche, in denen wir derzeit Unterst\u00fctzung gebrauchen k\u00f6nnen:<\/p>\n<\/div><\/div><div class=\"w-tabs style_default switch_click accordion has_scrolling\" style=\"--sections-title-size:inherit\"><div class=\"w-tabs-sections titles-align_none icon_chevron cpos_right\"><div class=\"w-tabs-section\" id=\"p911\"><button class=\"w-tabs-section-header\" aria-controls=\"content-p911\" aria-expanded=\"false\"><div class=\"w-tabs-section-title\">\u00d6ffentlichkeitsarbeit<\/div><div class=\"w-tabs-section-control\"><\/div><\/button><div  class=\"w-tabs-section-content\" id=\"content-p911\"><div class=\"w-tabs-section-content-h i-cf\"><div class=\"wpb_text_column\"><div class=\"wpb_wrapper\"><p>FairL\u00f6tet und das Thema Faire Elektronik auf Veranstaltungen repr\u00e4sentieren.<\/p>\n<\/div><\/div><\/div><\/div><\/div><div class=\"w-tabs-section\" id=\"ca71\"><button class=\"w-tabs-section-header\" aria-controls=\"content-ca71\" aria-expanded=\"false\"><div class=\"w-tabs-section-title\">Produktentwicklung<\/div><div class=\"w-tabs-section-control\"><\/div><\/button><div  class=\"w-tabs-section-content\" id=\"content-ca71\"><div class=\"w-tabs-section-content-h i-cf\"><div class=\"wpb_text_column\"><div class=\"wpb_wrapper\"><p>Hersteller ansprechen und mit ihnen gemeinsam auf fairere Produkte hin arbeiten<\/p>\n<\/div><\/div><\/div><\/div><\/div><div class=\"w-tabs-section\" id=\"ibc9\"><button class=\"w-tabs-section-header\" aria-controls=\"content-ibc9\" aria-expanded=\"false\"><div class=\"w-tabs-section-title\">News-Redaktion<\/div><div class=\"w-tabs-section-control\"><\/div><\/button><div  class=\"w-tabs-section-content\" id=\"content-ibc9\"><div class=\"w-tabs-section-content-h i-cf\"><div class=\"wpb_text_column\"><div class=\"wpb_wrapper\"><p>Aktuelle Entwicklungen in der fairen Elektronik zusammentragen, recherchieren, und daraus Medienbeitr\u00e4ge (Blog \/ Podcast) erstellen<\/p>\n<\/div><\/div><\/div><\/div><\/div><\/div><\/div><div class=\"g-cols wpb_row us_custom_d2199d32 via_grid cols_2 laptops-cols_inherit tablets-cols_inherit mobiles-cols_1 valign_top type_default stacking_default\" style=\"--gap:3rem;\"><div class=\"wpb_column vc_column_container\"><div class=\"vc_column-inner\"><div class=\"wpb_text_column\"><div class=\"wpb_wrapper\"><p>Falls du Interesse hast, bei FairL\u00f6tet mitzuarbeiten, schreibe uns eine Mail an <a href=\"mailto:ichwillmitmachen@fairloetet.de\">ichwillmitmachen@fairloetet.de<\/a>. Wir laden dich dann gerne zu unserem monatlichen Online-Treffen ein, bei dem du uns kennenlernen kannst und einen \u00dcberblick bekommst, was gerade im Verein passiert.<\/p>\n<\/div><\/div><div class=\"wpb_text_column us_custom_2ae65f69\"><div class=\"wpb_wrapper\"><p>Wenn du dauerhaft mitmachen m\u00f6chtest, kannst du auch Vereinsmitglied werden. Die Mitgliedschaft kostet nichts und erm\u00f6glicht dir ein Stimmrecht bei Mitgliederversammlungen. F\u00fclle daf\u00fcr einfach den <a href=\"https:\/\/fairloetet.de\/wp-content\/uploads\/2018\/09\/Mitgliedsantrag_Fairloetet.pdf\">Mitgliedsantrag<\/a> aus und schicke ihn an unsere Vereinsadresse oder an <a href=\"mailto:post@fairloetet.de\">post@fairloetet.de<\/a>. Wir bitten dich aber, zuvor auf jeden Fall mit uns Kontakt aufzunehmen!<\/p>\n<\/div><\/div><\/div><\/div><div class=\"wpb_column vc_column_container\"><div class=\"vc_column-inner\"><div class=\"w-image align_center meta_simple\"><div class=\"w-image-h\"><img decoding=\"async\" width=\"300\" height=\"225\" src=\"https:\/\/fairloetet.de\/wp-content\/uploads\/2021\/01\/image1-300x225.jpg\" class=\"attachment-medium size-medium\" alt=\"FairL\u00f6tet-Mitglieder mit dem \u201eMaker of Merit\u201c-Award auf der Maker Faire Berlin 2016\" loading=\"lazy\" srcset=\"https:\/\/fairloetet.de\/wp-content\/uploads\/2021\/01\/image1-300x225.jpg 300w, https:\/\/fairloetet.de\/wp-content\/uploads\/2021\/01\/image1-1024x768.jpg 1024w, https:\/\/fairloetet.de\/wp-content\/uploads\/2021\/01\/image1-768x576.jpg 768w, https:\/\/fairloetet.de\/wp-content\/uploads\/2021\/01\/image1.jpg 1200w\" sizes=\"(max-width: 300px) 100vw, 300px\" \/><\/div><div class=\"w-image-meta\"><div class=\"w-image-title\">FairL\u00f6tet-Mitglieder mit dem \u201eMaker of Merit\u201c-Award auf der Maker Faire Berlin 2016<\/div><\/div><\/div><\/div><\/div><\/div><\/div><\/div><div class=\"wpb_column vc_column_container\"><div class=\"vc_column-inner\"><\/div><\/div><\/div><\/div><\/section>","protected":false},"excerpt":{"rendered":"Bei FairL\u00f6tet mitzumachen ist eine wirkungsvolle M\u00f6glichkeit, sich f\u00fcr eine gerechtere Welt einzusetzen. Als Gruppe von Ehrenamtlichen legen wir Wert auf Teamgeist und Engagement. Ob du gerne bloggst, Workshops organisierst oder an spannenden Elektronikprojekten mitwirken m\u00f6chtest: Interessierte sind immer willkommen \u2013 melde dich einfach bei uns! Wenn du FairL\u00f6tet regelm\u00e4\u00dfig finanziell unterst\u00fctzen m\u00f6chtest, gibt es...","protected":false},"author":2,"featured_media":0,"parent":24,"menu_order":5,"comment_status":"closed","ping_status":"closed","template":"","meta":{"footnotes":""},"class_list":["post-57","page","type-page","status-publish","hentry"],"_links":{"self":[{"href":"https:\/\/fairloetet.de\/en\/wp-json\/wp\/v2\/pages\/57"}],"collection":[{"href":"https:\/\/fairloetet.de\/en\/wp-json\/wp\/v2\/pages"}],"about":[{"href":"https:\/\/fairloetet.de\/en\/wp-json\/wp\/v2\/types\/page"}],"author":[{"embeddable":true,"href":"https:\/\/fairloetet.de\/en\/wp-json\/wp\/v2\/users\/2"}],"replies":[{"embeddable":true,"href":"https:\/\/fairloetet.de\/en\/wp-json\/wp\/v2\/comments?post=57"}],"version-history":[{"count":22,"href":"https:\/\/fairloetet.de\/en\/wp-json\/wp\/v2\/pages\/57\/revisions"}],"predecessor-version":[{"id":1630,"href":"https:\/\/fairloetet.de\/en\/wp-json\/wp\/v2\/pages\/57\/revisions\/1630"}],"up":[{"embeddable":true,"href":"https:\/\/fairloetet.de\/en\/wp-json\/wp\/v2\/pages\/24"}],"wp:attachment":[{"href":"https:\/\/fairloetet.de\/en\/wp-json\/wp\/v2\/media?parent=57"}],"curies":[{"name":"wp","href":"https:\/\/api.w.org\/{rel}","templated":true}]}}