{"id":59,"date":"2018-04-18T14:34:33","date_gmt":"2018-04-18T12:34:33","guid":{"rendered":"https:\/\/fairloetet.de\/?page_id=59"},"modified":"2020-08-13T09:45:50","modified_gmt":"2020-08-13T07:45:50","slug":"spenden","status":"publish","type":"page","link":"https:\/\/fairloetet.de\/en\/aktiv-werden\/spenden\/","title":{"rendered":"Spenden \/ F\u00f6rdermitgliedschaft"},"content":{"rendered":"<section class=\"l-section wpb_row height_medium\"><div class=\"l-section-h i-cf\"><div class=\"g-cols vc_row via_grid cols_2-1 laptops-cols_inherit tablets-cols_inherit mobiles-cols_1 valign_top type_default stacking_default\"><div class=\"wpb_column vc_column_container\"><div class=\"vc_column-inner\"><div class=\"wpb_text_column\"><div class=\"wpb_wrapper\"><p>Als gemeinn\u00fctziger Verein finanzieren wir uns vorrangig durch Spenden. Diese Einnahmen brauchen wir, um unsere Vereinszwecke zu erf\u00fcllen, z.B. f\u00fcr Reisekosten zu Veranstaltungen, auf denen wir pr\u00e4sent sind. Wie wir unsere Mittel einsetzen, kannst du in unserem <a href=\"https:\/\/fairloetet.de\/en\/ueber-uns\/satzung-berichte\/\">Jahresbericht<\/a> erfahren. Um uns zu unterst\u00fctzen, hast du folgende M\u00f6glichkeiten:<\/p>\n<h2>Online-Eink\u00e4ufe<\/h2>\n<p>Die Initiative &#8222;Gooding&#8220; hat Partnervertr\u00e4ge mit \u00fcber 1800 Onlineshops, bei denen sie eine Provision erh\u00e4lt, wenn du \u00fcber den entsprechenden Link bei einem der Shops einkaufst. Diese Provisionen sind im Onlinehandel weit verbreitet und bei Gooding so geregelt, dass 85% der Provision direkt an gemeinn\u00fctzige Vereine weitergeleitet werden. Dieser muss vorab ausgew\u00e4hlt werden.<\/p>\n<p>Um uns zu unterst\u00fctzen suche einfach hier deinen Onlineshop heraus: <a href=\"https:\/\/www.gooding.de\/fairloetet-e-v-90185\">https:\/\/www.gooding.de\/fairloetet-e-v-90185<\/a><\/p>\n<p>Oder installiere die <a href=\"https:\/\/www.gooding.de\/fairloetet-e-v-90185\/toolbar\">Gooding-Toolbar<\/a>, die dich auf ganz einfach Gooding aufmerksam macht, wenn du auf Seiten am Surfen bist, bei denen du FairL\u00f6tet nicht auf dem Schirm hast.<\/p>\n<h2>Spenden<\/h2>\n<p>Wenn du unsere Arbeit durch eine Spende unterst\u00fctzen m\u00f6chtest, kannst du den Betrag entweder auf unser Vereinskonto \u00fcberweisen oder \u00fcber das Formular unten direkt online spenden. Wenn du bei einer Spende auf unser Konto eine Quittung f\u00fcr deine Steuererkl\u00e4rung brauchst, sende bitte eine Mail mit Namen und Anschrift an <a href=\"mailto:post@fairloetet.de\">post@fairloetet.de<\/a>.<\/p>\n<p>Kontoinhaber: FairL\u00f6tet e.V.<br \/>\nBank: <span class=\"footer__info-copyright\">GLS Gemeinschaftsbank eG<\/span><br \/>\nIBAN: DE12 4306 0967 2061 3218 00<br \/>\nBIC: GENODEM1GLS<\/p>\n<\/div><\/div><div class=\"w-tabs style_default switch_click accordion has_scrolling\" style=\"--sections-title-size:inherit\"><div class=\"w-tabs-sections titles-align_none icon_chevron cpos_right\"><div class=\"w-tabs-section has_text_color\" id=\"d712\" style=\"background:#7ec3df;color:#ffffff;\"><button class=\"w-tabs-section-header\" aria-controls=\"content-d712\" aria-expanded=\"false\"><div class=\"w-tabs-section-title\">Spendenformular<\/div><div class=\"w-tabs-section-control\"><\/div><\/button><div  class=\"w-tabs-section-content\" id=\"content-d712\"><div class=\"w-tabs-section-content-h i-cf\">\n\t<div class=\"wpb_raw_code wpb_raw_html wpb_content_element us_custom_909b2fd0\" >\n\t\t<div class=\"wpb_wrapper\">\n\t\t\t<div style=\"height: 2130px; position: relative;\"><script type=\"text\/javascript\">(function(){var eventMethod=window.addEventListener?'addEventListener':'attachEvent';var eventHandler=window[eventMethod];var messageEvent=eventMethod=='attachEvent'?'onmessage':'message';eventHandler(messageEvent,function(e){var key=e.message?'message':'data';var data=e[key];if(data==='gooding_scroll_into_view'){var el=document.getElementById('gooding-spenden-widget');el.scrollIntoView()}},false)})();<\/script><iframe style=\"position: absolute; top: 0; left: 0; width: 100%!important; height: 100%!important;\"  name=\"Gooding Spenden-Widget\" id=\"gooding-spenden-widget\" frameborder=\"0\" allowtransparency=\"true\" scrolling=\"yes\" title=\"Gooding Spenden-Widget\" src=\"https:\/\/www.gooding.de\/donation\/fairloetet-e-v-90185?widget=1&amount=10\/v\/1597300539.fV5ANnSiR%252Frwzi2BZ6nVOqenAF6V3Ofkgt4%252FG8s6jfRpuBedKB5jI6xKnLH%252Bt5COSprGXjvtBBgSvFSXPz%252BJxNTZchj0G3dndMSNALrX%252BXrwpkcxZ6bcfJxZfEZjr2eP3eXUW4ILbZJFZSyVoaXAXKWUuZrf%252B%252FJ3VhzPMlc1OuE%253D\"><\/iframe><\/div>\n\t\t<\/div>\n\t<\/div>\n<\/div><\/div><\/div><\/div><\/div><div class=\"wpb_text_column\"><div class=\"wpb_wrapper\"><h2><\/h2>\n<h2>F\u00f6rdermitgliedschaft<\/h2>\n<p>F\u00f6rdermitglied kannst du werden, wenn du den Verein regelm\u00e4\u00dfig materiell unterst\u00fctzen m\u00f6chtest, in der Regel durch einen monatlich \u00fcberwiesenen Geldbetrag. Diesen darfst du frei w\u00e4hlen. Als F\u00f6rdermitglied bist du Vereinsmitglied, hast aber kein Stimmrecht auf Mitgliederversammlungen. Um F\u00f6rdermitglied zu werden, nutze einfach unseren <a href=\"https:\/\/fairloetet.de\/wp-content\/uploads\/2018\/10\/Antrag-auf-F\u00f6rdermitgliedschaft.pdf\">Antrag auf F\u00f6rdermitgliedschaft<\/a>und schicke ihn unterschrieben an unsere Vereinsadresse oder an <a href=\"mailto:post@fairloetet.de\">post@fairloetet.de<\/a>.<\/p>\n<p>Wir werden dir zum Jahresende eine Spendenbescheinigung \u00fcber die gezahlten Beitr\u00e4ge schicken. Die F\u00f6rdermitgliedschaft kann jederzeit gek\u00fcndigt werden.<\/p>\n<\/div><\/div><\/div><\/div><div class=\"wpb_column vc_column_container\"><div class=\"vc_column-inner\"><\/div><\/div><\/div><\/div><\/section>","protected":false},"excerpt":{"rendered":"Als gemeinn\u00fctziger Verein finanzieren wir uns vorrangig durch Spenden. Diese Einnahmen brauchen wir, um unsere Vereinszwecke zu erf\u00fcllen, z.B. f\u00fcr Reisekosten zu Veranstaltungen, auf denen wir pr\u00e4sent sind. Wie wir unsere Mittel einsetzen, kannst du in unserem Jahresbericht erfahren. Um uns zu unterst\u00fctzen, hast du folgende M\u00f6glichkeiten: Online-Eink\u00e4ufe Die Initiative &#8222;Gooding&#8220; hat Partnervertr\u00e4ge mit \u00fcber...","protected":false},"author":2,"featured_media":0,"parent":24,"menu_order":10,"comment_status":"closed","ping_status":"closed","template":"","meta":{"footnotes":""},"class_list":["post-59","page","type-page","status-publish","hentry"],"_links":{"self":[{"href":"https:\/\/fairloetet.de\/en\/wp-json\/wp\/v2\/pages\/59"}],"collection":[{"href":"https:\/\/fairloetet.de\/en\/wp-json\/wp\/v2\/pages"}],"about":[{"href":"https:\/\/fairloetet.de\/en\/wp-json\/wp\/v2\/types\/page"}],"author":[{"embeddable":true,"href":"https:\/\/fairloetet.de\/en\/wp-json\/wp\/v2\/users\/2"}],"replies":[{"embeddable":true,"href":"https:\/\/fairloetet.de\/en\/wp-json\/wp\/v2\/comments?post=59"}],"version-history":[{"count":15,"href":"https:\/\/fairloetet.de\/en\/wp-json\/wp\/v2\/pages\/59\/revisions"}],"predecessor-version":[{"id":1366,"href":"https:\/\/fairloetet.de\/en\/wp-json\/wp\/v2\/pages\/59\/revisions\/1366"}],"up":[{"embeddable":true,"href":"https:\/\/fairloetet.de\/en\/wp-json\/wp\/v2\/pages\/24"}],"wp:attachment":[{"href":"https:\/\/fairloetet.de\/en\/wp-json\/wp\/v2\/media?parent=59"}],"curies":[{"name":"wp","href":"https:\/\/api.w.org\/{rel}","templated":true}]}}