{"id":61,"date":"2018-04-18T14:37:19","date_gmt":"2018-04-18T12:37:19","guid":{"rendered":"https:\/\/fairloetet.de\/?page_id=61"},"modified":"2018-09-30T21:20:10","modified_gmt":"2018-09-30T19:20:10","slug":"eigenes-projekt-starten","status":"publish","type":"page","link":"https:\/\/fairloetet.de\/en\/aktiv-werden\/eigenes-projekt-starten\/","title":{"rendered":"Eigenes Projekt starten"},"content":{"rendered":"<section class=\"l-section wpb_row height_medium\"><div class=\"l-section-h i-cf\"><div class=\"g-cols vc_row via_grid cols_2-1 laptops-cols_inherit tablets-cols_inherit mobiles-cols_1 valign_top type_default stacking_default\"><div class=\"wpb_column vc_column_container\"><div class=\"vc_column-inner\"><div class=\"wpb_text_column\"><div class=\"wpb_wrapper\"><p><strong>Gemeinsam etwas bewegen<\/strong><\/p>\n<p>Du hast Lust ein eigenes Projekt zu starten? Und dir ist es auch wichtig \u201efaire Elektronik auf die Stra\u00dfe zu bringen\u201c? Dann starte dein eigenes Projekt und lass es uns wissen!<\/p>\n<p>Wir w\u00fcrden uns freuen, den Start deines Projektes durch unsere bisherigen Erfahrungen zu unterst\u00fctzen und mit dir zu kooperieren. Auch wenn du schon aktiv bist, freuen wir uns \u00fcber neue Kooperationen. Denn nur gemeinsam schaffen wir es, faire Elektronik voranzubringen.<\/p>\n<p>Falls du Fragen hast oder dich mit uns vernetzen willst, schreibe uns eine Mail an <a href=\"mailto:post@fairloetet.de\">post@fairloetet.de<\/a>. Wir freuen uns, von dir zu h\u00f6ren.<\/p>\n<\/div><\/div><\/div><\/div><div class=\"wpb_column vc_column_container\"><div class=\"vc_column-inner\"><\/div><\/div><\/div><\/div><\/section>","protected":false},"excerpt":{"rendered":"Gemeinsam etwas bewegen Du hast Lust ein eigenes Projekt zu starten? Und dir ist es auch wichtig \u201efaire Elektronik auf die Stra\u00dfe zu bringen\u201c? Dann starte dein eigenes Projekt und lass es uns wissen! Wir w\u00fcrden uns freuen, den Start deines Projektes durch unsere bisherigen Erfahrungen zu unterst\u00fctzen und mit dir zu kooperieren. Auch wenn...","protected":false},"author":2,"featured_media":0,"parent":24,"menu_order":20,"comment_status":"closed","ping_status":"closed","template":"","meta":{"footnotes":""},"class_list":["post-61","page","type-page","status-publish","hentry"],"_links":{"self":[{"href":"https:\/\/fairloetet.de\/en\/wp-json\/wp\/v2\/pages\/61"}],"collection":[{"href":"https:\/\/fairloetet.de\/en\/wp-json\/wp\/v2\/pages"}],"about":[{"href":"https:\/\/fairloetet.de\/en\/wp-json\/wp\/v2\/types\/page"}],"author":[{"embeddable":true,"href":"https:\/\/fairloetet.de\/en\/wp-json\/wp\/v2\/users\/2"}],"replies":[{"embeddable":true,"href":"https:\/\/fairloetet.de\/en\/wp-json\/wp\/v2\/comments?post=61"}],"version-history":[{"count":14,"href":"https:\/\/fairloetet.de\/en\/wp-json\/wp\/v2\/pages\/61\/revisions"}],"predecessor-version":[{"id":608,"href":"https:\/\/fairloetet.de\/en\/wp-json\/wp\/v2\/pages\/61\/revisions\/608"}],"up":[{"embeddable":true,"href":"https:\/\/fairloetet.de\/en\/wp-json\/wp\/v2\/pages\/24"}],"wp:attachment":[{"href":"https:\/\/fairloetet.de\/en\/wp-json\/wp\/v2\/media?parent=61"}],"curies":[{"name":"wp","href":"https:\/\/api.w.org\/{rel}","templated":true}]}}