{"id":615,"date":"2018-10-03T17:46:19","date_gmt":"2018-10-03T15:46:19","guid":{"rendered":"https:\/\/fairloetet.de\/?page_id=615"},"modified":"2024-02-11T15:29:00","modified_gmt":"2024-02-11T14:29:00","slug":"termine","status":"publish","type":"page","link":"https:\/\/fairloetet.de\/en\/informieren\/termine\/","title":{"rendered":"Termine"},"content":{"rendered":"<section class=\"l-section wpb_row height_medium\"><div class=\"l-section-h i-cf\"><div class=\"g-cols vc_row via_grid cols_2-1 laptops-cols_inherit tablets-cols_inherit mobiles-cols_1 valign_top type_default stacking_default\"><div class=\"wpb_column vc_column_container\"><div class=\"vc_column-inner\"><div class=\"wpb_text_column\"><div class=\"wpb_wrapper\"><p>Auf dieser Seite ver\u00f6ffentlichen wir regelm\u00e4\u00dfig Termine mit Bezug zum Thema Faire Elektronik. Der zuk\u00fcnftigste Termine steht immer oben. Alte Termine werden nicht gel\u00f6scht. Termine mit Beteiligung von FairL\u00f6tet sind mit einem * markiert.<\/p>\n<p><em><strong>10.-13.6.2024<\/strong><\/em> &#8211; <em>Konferenz<\/em>: Electronics Goes Green 2024+, Ort: <strong>Berlin<\/strong> <a href=\"https:\/\/electronicsgoesgreen.org\/\">[mehr]<\/a><\/p>\n<p><em><strong>26.2.-3.3.2024<\/strong><\/em> &#8211;\u00a0<em>Kongress<\/em>: Mobile Social Congress, Ort: <strong>Barcelona\/Online<\/strong> <a href=\"https:\/\/mobilesocialcongress.cat\/en\/as-the-mobile-world-congress-is-held-in-barcelona-the-mobile-social-congress-will-reflect-on-the-future-of-the-technology-industry\/\">[mehr]<\/a><\/p>\n<p><em><strong>14.11.2023<\/strong><\/em> &#8211; <em>Konferenz<\/em>: Third Annual Ethics in Electronics (EiE) at the productronica, Ort: <strong>M\u00fcnchen<\/strong> <a href=\"https:\/\/ethicsinelectronics.com\/\">[mehr]<\/a><\/p>\n<p><em><strong>16.\/17.6.2023<\/strong><\/em> &#8211; <em>Kongress<\/em>: Bits &amp; B\u00e4ume Nordrhein-Westfalen, Ort: <strong>M\u00fcnster<\/strong> <a href=\"https:\/\/nrw.bits-und-baeume.org\/\">[mehr]<\/a><\/p>\n<p><em><strong>8.-11.5.2023<\/strong><\/em> &#8211; <em>Konferenz<\/em>: Going Green &#8211; Care Innovation 2023, Ort: <strong>Wien<\/strong> <a href=\"https:\/\/www.careinnovation.eu\/\">[mehr]<\/a><\/p>\n<p><em><strong>15.11.2022<\/strong><\/em> &#8211; <em>Forum<\/em>: World Ethical Electronics Forum, Ort: <strong>M\u00fcnchen<\/strong> <a href=\"https:\/\/worldethicalelectronicsforum.com\/\">[mehr]<\/a><\/p>\n<p><em><strong>14.-17.11.2022<\/strong><\/em> &#8211; <em>Messe<\/em>: productronica &#8211; Weltleitmesse f\u00fcr Entwicklung und Fertigung von Elektronik, Ort: <strong>M\u00fcnchen<\/strong> <a href=\"https:\/\/www.productronica.com\/de\/\">[mehr]<\/a><\/p>\n<p><em><strong>9.11.2022<\/strong><\/em> &#8211; Fachkonferenz f\u00fcr sozial verantwortliche Beschaffung von IT-Hardware, Ort: <strong>N\u00fcrnberg <\/strong><a href=\"http:\/\/www.it-konferenz.bayern\">[mehr]<\/a><\/p>\n<p><em><strong>* 30.9.-2.10.2022<\/strong><\/em> &#8211; <em>Konferenz<\/em>: Bits &amp; B\u00e4ume-Konferenz 2022, Ort: <strong>Berlin<\/strong> <a href=\"https:\/\/bits-und-baeume.org\/konferenz\/de\">[mehr]<\/a><\/p>\n<p><em><strong>29.\/30.9.2022<\/strong><\/em> &#8211; <em>Konferenz<\/em>: FED-Konferenz &#8211; Den Wandel gestalten: Design-, Fertigungs- und Managementprozesse f\u00fcr Elektronik optimieren, Ort: <strong>Potsdam<\/strong> <a href=\"https:\/\/www.fed-konferenz.de\/\">[mehr]<\/a><\/p>\n<p><em><strong>10.\/11.9.2022<\/strong><\/em> &#8211; <em>Messe<\/em>: Maker Faire Hannover, Ort: <strong>Hannover<\/strong> <a href=\"https:\/\/maker-faire.de\/hannover\/\">[mehr]<\/a><\/p>\n<p><em><strong>25.\/26.6.2022<\/strong><\/em> &#8211; <em>Messe<\/em>: Maker Faire Baden W\u00fcrttemberg, Ort: <strong>Stuttgart<\/strong> <a href=\"https:\/\/maker-faire.de\/baden-wuerttemberg\/\">[mehr]<\/a><\/p>\n<p><em><strong>31.5.-3.6.2022<\/strong><\/em> &#8211; <em>Messe<\/em>: NORTEC &#8211; Fachmesse f\u00fcr Produktion + Campus f\u00fcr den Mittelstand, Ort: <strong>Hamburg<\/strong> <a href=\"https:\/\/www.nortec-hamburg.de\/\">[mehr]<\/a><\/p>\n<p><em><strong>* 29.5.2022<\/strong><\/em> &#8211; <em>Workshop<\/em>: Workshop Faire Maus, Ort: <strong>Hamburg<\/strong><\/p>\n<p><em><strong>21.-24.4.2022<\/strong><\/em> &#8211; <em>Messe<\/em>: Fair Handeln &#8211; <span class=\"header__infoText header__infoText--slogan\">Internationale Messe f\u00fcr Fair Trade und global verantwortungsvolles Handeln<\/span>, Ort: <strong>Stuttgart<\/strong> <a href=\"https:\/\/www.messe-stuttgart.de\/fairhandeln\/\">[mehr]<\/a><\/p>\n<p><em><strong>30.3.2022<\/strong><\/em> &#8211; <em>Konferenz<\/em>: clean-IT Konferenz 2022, Ort: <strong>Potsdam<\/strong> <a href=\"https:\/\/hpi.de\/veranstaltungen\/hpi-veranstaltungen\/2022\/clean-it-konferenz.html\">[mehr]<\/a><\/p>\n<p><em><strong>27.2.\/1.-2.3.2022<\/strong><\/em> &#8211; <em>Kongress<\/em>: Mobile Social Congress (for a fair electronic model), Ort: <strong>Barcelona\/Online<\/strong> <a href=\"https:\/\/mobilesocialcongress.cat\/en\/\">[mehr]<\/a><\/p>\n<p><em><strong>* 10\/11.11.2020<\/strong><\/em> &#8211; Tagung: 50.&amp;51. Treffen des FZI Arbeitskreises Rechtskonformes Umweltmanagement in der Elektroindustrie, Ort: <strong>Berlin<\/strong> <a href=\"https:\/\/www.ak-rku.de\/arbeitskreistreffen\/\">[mehr]<\/a><\/p>\n<p><em><strong>17.-18.9.2020<\/strong><\/em> &#8211; Konferenz: 28. FED-KONFERENZ &#8211; Nachhaltig erfolgreich: Designs, Fertigungs- und Managementprozesse f\u00fcr Elektronik optimieren, Ort: <strong>Augsburg <\/strong><a href=\"https:\/\/www.fed-konferenz.de\/\">[mehr]<\/a><\/p>\n<p><em><strong>3.+4.9.2020<\/strong><\/em> &#8211; Fachkonferenz f\u00fcr sozial verantwortliche Beschaffung von IT-Hardware, Ort: <strong>online <\/strong><a href=\"http:\/\/www.faire-beschaffung.de\/\">[mehr]<\/a><\/p>\n<p><em><strong>1.-3.9.2020<\/strong><\/em> &#8211; Konferenz: Electronics goes green &#8211; The story of Daisy, Alexa, and Greta, Ort: <strong>online <\/strong><a href=\"https:\/\/electronicsgoesgreen.org\/\">[mehr]<\/a><\/p>\n<p><em><strong>21.-27.6.2020<\/strong><\/em> &#8211; Konferenz: ICT4S 2020 &#8211; 7th International Conference on ICT for Sustainability, Ort: <strong>online <\/strong>[mehr]<\/p>\n<p><strong><em>8.\/17.\/22.06.\/01.07.2020<\/em><\/strong> &#8211; Crashkurs Rohstoffpolitik 2020, Ort: <strong>online<\/strong> <a href=\"https:\/\/power-shift.de\/crashkurs-rohstoffpolitik-2020-online-webinarreihe\/\">[mehr]<\/a><\/p>\n<p><em><strong>19.5.2020<\/strong><\/em> &#8211; Webinar: Responsible Mining: What is IRMA and How Can You Use it?, Ort: <strong>online <\/strong>[mehr]<\/p>\n<p><em><strong>11.-15.5.2020 &#8211; <\/strong><\/em>Konferenz: Responsible Raw Materials Conference 2020, Ort: <strong>online <\/strong><a href=\"https:\/\/www.responsiblerawmaterials.com\/\">[mehr]<\/a><\/p>\n<p><em><strong>29.4.2020 &#8211; <\/strong><\/em>Webinar: iNEMI Roadmap Series: Sustainable Electronics, Ort: <strong>online <\/strong><a href=\"https:\/\/community.inemi.org\/ev_calendar_day.asp?date=4\/29\/2020&amp;eventid=327\">[mehr]<\/a><\/p>\n<p><em><strong>23.4.2020 &#8211; <\/strong><\/em>Forum Bits &amp; B\u00e4ume: Langlebig, offen, reparabel und datensparsam. Gestaltungsoptionen f\u00fcr nachhaltige Hard- und Software, Ort: <strong>online <\/strong><a href=\"https:\/\/bits-und-baeume.org\/konferenz\/de\">[mehr]<\/a><\/p>\n<p><em><strong>* 18.-19.4.2020 &#8211; <\/strong><\/em><strong>abgesagt! <\/strong>Messe: Maker Faire Berlin, Ort: <strong>Berlin <\/strong><a href=\"https:\/\/maker-faire.de\/berlin\/\">[mehr]<\/a><\/p>\n<p><em><strong>17.3.2020 &#8211; <\/strong><\/em><strong>abgesagt! <\/strong>Konferenz: 12. BilRess-Netzwerkkonferenz &#8222;Ressourcenleichte Informations- und Kommunikationstechnik &#8211; Welche Ressourcenbildung wird gebraucht?&#8220;, Ort: <strong>Berlin <\/strong><a href=\"https:\/\/www.bilress.de\/termin\/id-12-bilress-netzwerkkonferenz-am-17-maerz-2020-in-berlin.html\">[mehr]<\/a><\/p>\n<p><em><strong>* 14.-15.3.2020 &#8211; <\/strong><\/em>Tagung: Strategietagung des FairL\u00f6tet e.V., Offener Abend am 14.3. ab 17:30, bitte dazu kurz <a href=\"mailto:post@fairloetet.de\">hier<\/a> anmelden, Ort: <strong>Hamburg <\/strong><\/p>\n<p><em><strong>10.\/12.3.2020 &#8211; <\/strong><\/em>Vortrag: Au Lap Hang vom &#8222;Labour Eduction and Service Network&#8220; (Hong Kong) \u00fcber Lithium-Ion-Batterie-Fertigung, Ort: <strong>Br\u00fcssel <\/strong>[mehr]<a href=\"https:\/\/kuleuven.sim2.be\/how-will-europe-become-climate-neutral-by-2050-challenging-the-eu-green-deal\/\">[mehr]<\/a><\/p>\n<p><em><strong>25.-26.2.2020 &#8211;<\/strong> <\/em>Kongress: Mobile Social Congress 2020, Ort: <strong>Barcelona <\/strong><a href=\"http:\/\/mobilesocialcongress.cat\/en\/mobile-social-congress-2020\/\">[mehr]<\/a><\/p>\n<p><em><strong>* 21.-24.1.2020 &#8211;<\/strong> <\/em>Messe: Nortec Produktionsmesse mit Workshops von FairL\u00f6tet als Netzwerkpartner, Ort: <strong>Hamburg <\/strong><a href=\"https:\/\/www.nortec-hamburg.de\/\">[mehr]<\/a><\/p>\n<p><em><strong>* 27.-30.12.2019 &#8211; <\/strong><\/em>Kongress: 36. Chaos Communication Congress mit Vortrag und Lightning Talk von FairL\u00f6tet, Ort: <strong>Leipzig <\/strong><a href=\"https:\/\/events.ccc.de\/congress\/2019\/wiki\/index.php\/Main_Page\">[mehr]<\/a><\/p>\n<p><em><strong>9.12.2019 &#8211;<\/strong> <\/em>Konferenz: Conference on Fair and Circular ICT, Ort: <strong>Gent<\/strong> [mehr]<\/p>\n<p><em><strong>4.12.2019 &#8211;<\/strong> <\/em>Konferenz: The Electronics Watch Annual Conference 2019, Ort: <strong>Barcelona<\/strong> <a href=\"http:\/\/electronicswatch.org\/en\/annual-conference-2019_2527624\">[mehr]<\/a><\/p>\n<p><em><strong>* 2.12.2019<\/strong><\/em> &#8211; Workshop: Globale Zusammenh\u00e4nge in der Elektroindustrie &#8211; ein Multiplikator*innenworkshop , Ort: <strong>Hamburg<\/strong> <a href=\"http:\/\/hamburgmalfair.de\/globale-zusammenhaenge-in-der-elektroindustrie\/\">[mehr]<\/a><\/p>\n<p><em><strong>28.11.2019<\/strong><\/em> &#8211; Abendveranstaltung: Smartphones, Tablets und Co, Ort: <strong>Ulm<\/strong> <a href=\"https:\/\/www.weed-online.org\/show\/10795029.html\">[mehr]<\/a><\/p>\n<p><em><strong>25.11.2019<\/strong><\/em> &#8211; Bildung: Der Weg von Handy, Smartphone und Co \u2013 Mit digitalen Medien Globalisierung erkunden, Ort: <strong>Hamburg<\/strong> <a href=\"http:\/\/hamburgmalfair.de\/der-weg-von-handy-smartphone-und-co\/\">[mehr]<\/a><\/p>\n<p><em><strong>15.11.2019<\/strong><\/em> &#8211; Workshop: Multiplikator*innen-Workshop \u201eFaire Elektronik\u201c, Ort: <strong>M\u00fcnchen<\/strong> <a href=\"https:\/\/www.nager-it.de\/static\/pdf\/Ausschreibung_Multiplikatorenworkshops_Nager%20IT.pdf\">[mehr]<\/a><\/p>\n<p><em><strong>13.11.2019<\/strong><\/em> &#8211; Fachgespr\u00e4ch: Saubere Autos, dreckige Batterien \u2500 Wie ein Lieferkettengesetz gegen Menschenrechtsverletzungen beim Kobaltabbau helfen kann, Ort: <strong>Berlin<\/strong> <a href=\"http:\/\/eineweltstadt.berlin\/veranstaltungen\/saubere-autos-dreckige-batterien\/\">[mehr]<\/a><\/p>\n<p><em><strong>13.11.2019<\/strong><\/em> &#8211; Fachgespr\u00e4ch: Kleinbergbau, Gro\u00dfbergbau und Sorgfaltspflichten , Ort: <strong>Berlin<\/strong> <a href=\"mailto:schurath@inkota.de\">[mehr]<\/a><\/p>\n<p><em><strong>* 8.-9.11.2019<\/strong><\/em> &#8211; Konferenz: Night of Open Knowledge (NooK), Ort: <strong>L\u00fcbeck<\/strong> <a href=\"https:\/\/nook-luebeck.de\/\">[mehr]<\/a><\/p>\n<p><em><strong>25.10.2019<\/strong><\/em> &#8211; Fachgespr\u00e4ch: Lithium, Kobalt und Co.: Rohstoffbilanz der Elektromobilit\u00e4t verbessern, Ort: <strong>Berlin<\/strong> [mehr]<\/p>\n<p><em><strong>24.10.2019<\/strong><strong> &#8211;<\/strong><\/em>Konferenz: Transformation = [nachhaltig + digital], Jahrestagung des \u00d6ko-Instituts 2019, Ort: <strong>Berlin<\/strong> [mehr]<\/p>\n<p><em><strong>22.10.2019 &#8211;<\/strong> <\/em>Tagung: Kupfer, Kobalt, Lithium &amp; Co.: Das gleichzeitige Phase-out von Erd\u00f6l und Phase-In von Metallen, Ort: <strong>Potsdam<\/strong> <a href=\"https:\/\/www.iass-potsdam.de\/sites\/default\/files\/2019-06\/Programm_Veranstaltung%20Metalle_Flyerformat.pdf\">[mehr]<\/a><\/p>\n<p><em><strong>11.-13.10.2019<\/strong><\/em> &#8211; Workshop: Der (Roh-)Stoff aus dem Tr\u00e4ume gemacht sind \u2013 Ressourcenhunger unserer Zukunftstechnologien, Ort: <strong>Goslar <\/strong><a href=\"https:\/\/www.bundjugend.de\/termin\/der-roh-stoff-aus-dem-traeume-gemacht-sind-ressourcenhunger-unserer-zukunftstechnologien\/\">[mehr]<\/a><\/p>\n<p><em><strong>10.10.2019<\/strong><\/em> &#8211; Webinar: The sustainability impact of TCO Certified on the IT product supply chain, Ort: <strong>Virtuell<\/strong> [mehr]<\/p>\n<p><em><strong>25.-26.9.2019 &#8211;<\/strong> 15. <\/em>Fachtagung IT-Beschaffung 2019, Ort: <strong>Berlin<\/strong> <a href=\"https:\/\/www.fachtagung-it-beschaffung.de\/\">[mehr]<\/a><\/p>\n<p><em><strong>18.-20.9.2019 &#8211;<\/strong> <\/em>Konferenz: PLATE 2019 Conference &#8211; Product Lifetimes and the Environment, Ort: <strong>Berlin<\/strong> <a href=\"https:\/\/www.plateconference.org\/plate-2019-conference\/\">[mehr]<\/a><\/p>\n<p><em><strong>24.-25.6.2019<\/strong><\/em> &#8211; Seminar: Crashkurs Rohstoffpolitik, Ort: <strong>Berlin<\/strong> <a href=\"https:\/\/power-shift.de\/crashkurs-rohstoffpolitik\/\">[mehr]<\/a><\/p>\n<p><em><strong>28.5.2019<\/strong><\/em> &#8211; Workshop: Praxisworkshop Lieferkette, Ort: <strong>Solingen<\/strong> <a href=\"https:\/\/www.eventbrite.de\/e\/praxisworkshop-lieferkette-tickets-60567511056\">[mehr]<\/a><\/p>\n<p><em><strong>9.-10.5.2019<\/strong><\/em> &#8211; Konferenz: 7. Fachkonferenz f\u00fcr sozial verantwortliche Beschaffung von IT-Hardware, Themenschwerpunkt Nutzungsdauer &amp; Recycling, Ort: <strong>Leipzig<\/strong> <a href=\"http:\/\/www.faire-beschaffung.de\/\">[mehr]<\/a><\/p>\n<p><em><strong>* 9.5.2019<\/strong><\/em> &#8211; Diskussion: 1. Salon Gemeinwohl\u00f6konomie 2019: Digitalisierung und Gemeinwohl \u2013 Widerspruch oder gl\u00fcckliche F\u00fcgung?, Ort: <strong>Hamburg<\/strong> <a href=\"https:\/\/www.ecogood.org\/media\/filer_public\/87\/43\/8743b58c-3d87-40a0-8ce2-13e30f02f450\/gwo-salons_faltflyer_2019.pdf\">[mehr]<\/a><\/p>\n<p><em><strong>13.4.2019<\/strong><\/em> &#8211; Messe: Rhein-Waal Mini Maker Faire &#8211; The Green Edition, Ort:\u00a0<strong>Kamp-Lintfort<\/strong> <a href=\"https:\/\/www.hochschule-rhein-waal.de\/de\/event\/rhein-waal-mini-maker-faire\">[mehr]<\/a><\/p>\n<p><em><strong>* 30.-31.3.2019<\/strong><\/em> &#8211; Workshop: J\u00e4hrliche Strategietagung von FairL\u00f6tet, Ort: <strong>Hamburg<\/strong> <a href=\"mailto:post@fairloetet.de\">[mehr]<\/a><\/p>\n<p><em><strong>25.3.2019<\/strong><\/em> &#8211; Konferenz: Rohstoffhunger &#8211; Rohstofffluch? Was Handlungsans\u00e4tze von Unternehmen und Politik vor Ort bewirken, Ort: <strong>Berlin<\/strong> <a href=\"https:\/\/www.weed-online.org\/show\/10714019.html\">[mehr]<\/a><\/p>\n<p><em><strong>20.3.2019<\/strong><\/em> &#8211; Kongress: nachhaltig.digital Jahreskongress 2019: Ein Jahr nachhaltig.digital \u2013 mit Nachhaltigkeit und Digitalisierung in die Zukunft, Ort: <strong>Osnabr\u00fcck<\/strong> <a href=\"https:\/\/nachhaltig.digital\/jahreskongress\">[mehr]<\/a><\/p>\n<p><em><strong>19.3.2019<\/strong><\/em> &#8211; Tagung: <span class=\"fontstyle0\">Erfolgskonzepte f\u00fcr nachhaltige Lieferketten<\/span>, Ort: <strong>Berlin<\/strong> <a href=\"https:\/\/www.baumev.de\/Events\/504\/ErfolgskonzeptefrnachhaltigeLieferketten.html\">[mehr]<\/a><\/p>\n<p><em><strong>19.3.2019<\/strong><\/em> &#8211; Vortrag: Wie fair ist &#8222;fair&#8220; in der Elektronik? &#8211; Das Beispiel &#8222;Nager IT&#8220;, Ort: <strong>M\u00fcnchen<\/strong> <a href=\"https:\/\/www.vde.com\/de\/veranstaltungen\/veranstaltungsuebersicht\/veranstaltung-detailseite?id=16503&amp;type=vde%7Cvdb\">[mehr]<\/a><\/p>\n<p><em><strong>12.3.2019<\/strong><\/em> &#8211; Tagung: Challenging the ICT supply chain: from mining to procurement, Ort: <strong>Br\u00fcssel<\/strong> [mehr]<\/p>\n<p><em><strong>* 1.3.2019<\/strong><\/em> &#8211; Workshop: Faire Elektronik f\u00fcr alle? Workshop im Rahmen der Leuphana Konferenzwoche 2019, Ort: <strong>L\u00fcneburg<\/strong> <a href=\"https:\/\/www.leuphana.de\/college\/studienstart\/konferenzwoche.html\">[mehr]<\/a><\/p>\n<p><em><strong>26.-27.2.2019<\/strong><\/em> &#8211; Kongress: Mobile Social Congress to present new reports on the impact of the tech industry, Ort: <strong>Barcelona<\/strong> <a href=\"http:\/\/mobilesocialcongress.cat\/en\/on-february-26-and-27-mobile-social-congress-to-present-new-reports-on-the-social-and-environmental-impact-of-the-tech-industry-2\/\">[mehr]<\/a><\/p>\n<p><em><strong>19.-20.2.2019<\/strong><\/em> &#8211; Tagung: Raw materials &amp; Environment 2019 &#8211; Environmental Issues of Mineral and Metal Supply in a broader sustainability context, Ort: <strong>Berlin<\/strong> <a href=\"https:\/\/www.umweltbundesamt.de\/en\/raw-materials-environment-2019-start\">[mehr]<\/a><\/p>\n<p><em><strong>14.2.2019<\/strong><\/em> &#8211; Webinar: Using purchasing to drive environmental and social progress, <strong>Online<\/strong> <a href=\"https:\/\/tcocertified.com\/news\/webinar-using-purchasing-to-drive-environmental-and-social-progress\/\">[mehr]<\/a><\/p>\n<p><em><strong>31.1.2019<\/strong><\/em> &#8211; Kongress: Responsible Minerals Initiative &#8211; Responsible Sourcing Summit 2019, Ort: <strong>Berlin<\/strong> <a href=\"https:\/\/rba.swoogo.com\/Responsible_Minerals_Sourcing2019\">[mehr]<\/a><\/p>\n<p><em><strong>25.1.2019<\/strong><\/em> &#8211; Workshop: Soziale Nachhaltigkeit in der IT-Beschaffung &#8211; Hamburger Vergabetag, Ort: <strong>Hamburg<\/strong> <a href=\"https:\/\/www.weed-online.org\/show\/10707971.html\">[mehr]<\/a><\/p>\n<p><em><strong>6.12.2018<\/strong><\/em> &#8211; Diskussion: Was haben digitale Technologien mit Nachhaltigkeit, Menschenrechten und neo_kolonialen Effekten zu tun?, Ort: <strong>Hamburg<\/strong> <a href=\"https:\/\/www.germanwatch.org\/de\/15974\">[mehr]<\/a><\/p>\n<p><em><strong>28.11.2018<\/strong><\/em> &#8211; Tagung: CSR Praxistage f\u00fcr mittelst\u00e4ndische Unternehmen: Lieferketten verantwortlich gestalten \u2013 \u00dcber Nachhaltigkeit berichten, Ort: <strong>Stuttgart<\/strong> <a href=\"https:\/\/www.csr-praxistage.de\/praxistage\/stuttgart-2018\/\">[mehr]<\/a><\/p>\n<p><em><strong>23.11.2018<\/strong><\/em> &#8211; Diskussion: Fachgespr\u00e4ch Rohstoffe, Menschenrechte, Energiegewinnung \u2013 Wie wird (Elektro-) Mobilit\u00e4t global gerecht?, Ort: <strong>Berlin<\/strong> <a href=\"https:\/\/fairloetet.de\/wp-content\/uploads\/2018\/10\/2018_Einladung_Fachgespraech_Emobilitaet_logo.pdf\">[mehr]<\/a><\/p>\n<p><em><strong>* 17.-18.11.2018<\/strong><\/em> &#8211; Kongress: Bits &amp; B\u00e4ume &#8211; Die Konferenz f\u00fcr Digitalisierung und Nachhaltigkeit, Ort: <strong>Berlin<\/strong> <a href=\"https:\/\/bits-und-baeume.org\/de\">[mehr]<\/a><\/p>\n<p><em><strong>8.-9.11.2018<\/strong><\/em> &#8211; Tagung: Chemicals Management for Electronics and Electricals USA\u00a02018, Ort:\u00a0<strong>San Francisco<\/strong> <a href=\"https:\/\/events.chemicalwatch.com\/70808\/what-are-the-latest-trends-in-the-electronics-and-electricals-sector\">[mehr]<\/a><\/p>\n<p><em><strong>12.-15.10.2018<\/strong><\/em> &#8211; Messe: WearFair+mehr 2018. Messe f\u00fcr Nachhaltigkeit und \u00f6ko-fairen Konsum. In 2018 mit Schwerpunkt Fair IT, u.a. mit Nager-IT und Fairphone, Ort: <strong>Linz<\/strong> <a href=\"https:\/\/wearfair.at\/\">[mehr]<\/a><\/p>\n<p><em><strong>12.-13.10.2018<\/strong><\/em> &#8211; Workshop: Crashkurs Rohstoffpolitik f\u00fcr politisch Aktive und Multiplikator*innen aus Parteien, Gewerkschaften sowie umwelt- &amp; entwicklungspolitischen NGOs, Ort: <strong>Dresden<\/strong> <a href=\"https:\/\/power-shift.de\/termine\/?event_id1=9137\">[mehr]<\/a><\/p>\n<p><em><strong>11.-12.10.2018<\/strong><\/em> &#8211; Diskussion: digital_real. Eine Tagung zur Digitalisierung und ihren materiellen Grundlagen in Deutschland und Zentralamerika, Ort: <strong>Wuppertal <\/strong><a href=\"http:\/\/www.infobuero-nicaragua.org\/event\/tagung-digital_real\/\">[mehr]<\/a><\/p>\n<p><em><strong>3.10.2018<\/strong><\/em> &#8211; Public authorities engage suppliers on socially responsible ICT, Ort:\u00a0<strong>Nijmegen, Niederlande <\/strong><a href=\"http:\/\/www.procuraplus.org\/news?c=search&amp;uid=ff9V1llQ\">[mehr]<\/a><\/p>\n<p><em><strong>* 14.-16.9.2018<\/strong><\/em> &#8211; Maker Faire Hannover &#8211; Das Festival f\u00fcr Inspiration, Kreativit\u00e4t und Innovation, Ort: <strong>Hannover <\/strong><a href=\"https:\/\/maker-faire.de\/hannover\/\">[mehr]<\/a><\/p>\n<p><em><strong>* 14.9.2018<\/strong><\/em> &#8211; Make IT Fair: Potentiale erkennen und nutzen,\u00a0Sozial verantwortliche Lieferketten in der Informations- und Kommunikationstechnologie \u2013 Auftaktveranstaltung der Fairen Woche, Ort: <strong>Hamburg <\/strong><a href=\"http:\/\/www.fairtradestadt-hamburg.de\/auftaktveranstaltung-faire-woche-2018\/\">[mehr]<\/a><\/p>\n<\/div><\/div><\/div><\/div><div class=\"wpb_column vc_column_container\"><div class=\"vc_column-inner\"><\/div><\/div><\/div><\/div><\/section>","protected":false},"excerpt":{"rendered":"Auf dieser Seite ver\u00f6ffentlichen wir regelm\u00e4\u00dfig Termine mit Bezug zum Thema Faire Elektronik. Der zuk\u00fcnftigste Termine steht immer oben. Alte Termine werden nicht gel\u00f6scht. Termine mit Beteiligung von FairL\u00f6tet sind mit einem * markiert. 10.-13.6.2024 &#8211; Konferenz: Electronics Goes Green 2024+, Ort: Berlin [mehr] 26.2.-3.3.2024 &#8211;\u00a0Kongress: Mobile Social Congress, Ort: Barcelona\/Online [mehr] 14.11.2023 &#8211; Konferenz:...","protected":false},"author":3,"featured_media":0,"parent":22,"menu_order":0,"comment_status":"closed","ping_status":"closed","template":"","meta":{"footnotes":""},"class_list":["post-615","page","type-page","status-publish","hentry"],"_links":{"self":[{"href":"https:\/\/fairloetet.de\/en\/wp-json\/wp\/v2\/pages\/615"}],"collection":[{"href":"https:\/\/fairloetet.de\/en\/wp-json\/wp\/v2\/pages"}],"about":[{"href":"https:\/\/fairloetet.de\/en\/wp-json\/wp\/v2\/types\/page"}],"author":[{"embeddable":true,"href":"https:\/\/fairloetet.de\/en\/wp-json\/wp\/v2\/users\/3"}],"replies":[{"embeddable":true,"href":"https:\/\/fairloetet.de\/en\/wp-json\/wp\/v2\/comments?post=615"}],"version-history":[{"count":92,"href":"https:\/\/fairloetet.de\/en\/wp-json\/wp\/v2\/pages\/615\/revisions"}],"predecessor-version":[{"id":1541,"href":"https:\/\/fairloetet.de\/en\/wp-json\/wp\/v2\/pages\/615\/revisions\/1541"}],"up":[{"embeddable":true,"href":"https:\/\/fairloetet.de\/en\/wp-json\/wp\/v2\/pages\/22"}],"wp:attachment":[{"href":"https:\/\/fairloetet.de\/en\/wp-json\/wp\/v2\/media?parent=615"}],"curies":[{"name":"wp","href":"https:\/\/api.w.org\/{rel}","templated":true}]}}