{"id":753,"date":"2018-12-08T21:16:08","date_gmt":"2018-12-08T20:16:08","guid":{"rendered":"https:\/\/fairloetet.de\/?page_id=753"},"modified":"2018-12-14T10:04:06","modified_gmt":"2018-12-14T09:04:06","slug":"leseecke","status":"publish","type":"page","link":"https:\/\/fairloetet.de\/en\/informieren\/leseecke\/","title":{"rendered":"Leseecke"},"content":{"rendered":"<section class=\"l-section wpb_row height_medium\"><div class=\"l-section-h i-cf\"><div class=\"g-cols vc_row via_grid cols_2-1 laptops-cols_inherit tablets-cols_inherit mobiles-cols_1 valign_top type_default stacking_default\"><div class=\"wpb_column vc_column_container\"><div class=\"vc_column-inner\"><div class=\"wpb_text_column\"><div class=\"wpb_wrapper\"><p><strong>Hier in unserer Leseecke sammeln wir investigative Recherchen, Berichte und andere Publikationen von zivilgesellschaftlichen Organisationen, welche sich mit den vielf\u00e4ltigen Aspekten der fairen Elektronik besch\u00e4ftigen.<\/strong> Die hier gesammelten Dokumente sind nur ein kleiner Ausschnitt der umfassenden Berichtslage. Alle Berichte lassen sich frei herunterladen und eignen sich sehr gut f\u00fcr einen tiefen thematischen Einstieg in Unterthemen der fairen Elektronik.<\/p>\n<h1><a href=\"https:\/\/fairloetet.de\/en\/tag\/rohstoffe\/\">Rohstoffe<\/a><\/h1>\n<div data-post-id=\"772\" class=\"insert-page insert-page-772\"><p><strong><a href=\"https:\/\/www.brot-fuer-die-welt.de\/fileadmin\/mediapool\/2_Downloads\/Fachinformationen\/Analyse\/Analyse_84_Lithium.pdf\"><img loading=\"lazy\" decoding=\"async\" class=\"size-medium wp-image-758 alignright\" src=\"https:\/\/fairloetet.de\/wp-content\/uploads\/2018\/12\/Brot-f\u00fcr-die-Welt-Das-wei\u00dfe-Gold-212x300.png\" alt=\"\" width=\"212\" height=\"300\" srcset=\"https:\/\/fairloetet.de\/wp-content\/uploads\/2018\/12\/Brot-f\u00fcr-die-Welt-Das-wei\u00dfe-Gold-212x300.png 212w, https:\/\/fairloetet.de\/wp-content\/uploads\/2018\/12\/Brot-f\u00fcr-die-Welt-Das-wei\u00dfe-Gold-724x1024.png 724w, https:\/\/fairloetet.de\/wp-content\/uploads\/2018\/12\/Brot-f\u00fcr-die-Welt-Das-wei\u00dfe-Gold-768x1087.png 768w, https:\/\/fairloetet.de\/wp-content\/uploads\/2018\/12\/Brot-f\u00fcr-die-Welt-Das-wei\u00dfe-Gold.png 826w\" sizes=\"(max-width: 212px) 100vw, 212px\" \/><\/a>Das wei\u00dfe Gold \u2013 Umwelt- und Sozialkonflikte um den Zukunftsrohstoff Lithium<\/strong> (Brot f\u00fcr die Welt, 2018)<\/p>\n<p>Lithium \u2012 das sogenannte wei\u00dfe Gold \u2012 ist f\u00fcr die deutsche Wirtschaft von enormer Bedeutung. Das Leichtmetall wird aufgrund seiner hervorragenden Speicherkapazit\u00e4ten zur Herstellung von Batterien f\u00fcr Elektrofahrzeuge verwendet. [\u2026] Weil die F\u00f6rderung von Lithium extrem wasserintensiv ist, sinkt der Grundwasserspiegel, angrenzende Fl\u00fcsse und Vegetation vertrocknen. F\u00fcr die indigenen Gemeinschaften vor Ort wird es immer schwieriger, ihrer traditionellen Lebensweise, die sich auf Viehzucht, Landwirtschaft und die Gewinnung von Salz gr\u00fcndet, nachzugehen.<\/p>\n<p><a href=\"https:\/\/www.brot-fuer-die-welt.de\/fileadmin\/mediapool\/2_Downloads\/Fachinformationen\/Analyse\/Analyse_84_Lithium.pdf\"><strong>Download<\/strong><\/a> von Brot f\u00fcr die Welt<\/p>\n<\/div>\n<p>&nbsp;<\/p>\n<div data-post-id=\"801\" class=\"insert-page insert-page-801\"><p><strong><a href=\"https:\/\/www.amnesty.org\/en\/documents\/afr62\/7395\/2017\/en\/\"><img loading=\"lazy\" decoding=\"async\" class=\"size-medium wp-image-786 alignright\" src=\"https:\/\/fairloetet.de\/wp-content\/uploads\/2018\/12\/Amnesty-Time-To-Recharge-212x300.png\" alt=\"\" width=\"212\" height=\"300\" srcset=\"https:\/\/fairloetet.de\/wp-content\/uploads\/2018\/12\/Amnesty-Time-To-Recharge-212x300.png 212w, https:\/\/fairloetet.de\/wp-content\/uploads\/2018\/12\/Amnesty-Time-To-Recharge-724x1024.png 724w, https:\/\/fairloetet.de\/wp-content\/uploads\/2018\/12\/Amnesty-Time-To-Recharge-768x1087.png 768w, https:\/\/fairloetet.de\/wp-content\/uploads\/2018\/12\/Amnesty-Time-To-Recharge.png 826w\" sizes=\"(max-width: 212px) 100vw, 212px\" \/><\/a>Time to recharge \u2013 Corporate action and inaction to tackle abuses in the cobalt supply chain<\/strong> (Amnesty International, 2017)<\/p>\n<p>This report builds on This is What We Die For (AFR 62\/3183\/2016), first published by Amnesty International and Afrewatch in 2016, which showed how cobalt mined by children and adults in hazardous conditions in the DRC entered the supply chains of many of the world\u2019s biggest brands. This report assesses the policies and practices of 29 companies and how much their cobalt-sourcing practices have improved since then. While there have been signs of progress by some companies, too many continue to lag behind.<\/p>\n<p><a href=\"https:\/\/www.amnesty.org\/en\/documents\/afr62\/7395\/2017\/en\/\"><strong>Download<\/strong><\/a> von Amnesty International<\/p>\n<\/div>\n<p>&nbsp;<\/p>\n<div data-post-id=\"862\" class=\"insert-page insert-page-862\"><p><strong><a href=\"https:\/\/www.amnesty.org\/en\/documents\/afr62\/3183\/2016\/en\/\"><img loading=\"lazy\" decoding=\"async\" class=\"size-medium wp-image-785 alignright\" src=\"https:\/\/fairloetet.de\/wp-content\/uploads\/2018\/12\/Amnesty-This-Is-What-We-Die-For-212x300.png\" alt=\"\" width=\"212\" height=\"300\" srcset=\"https:\/\/fairloetet.de\/wp-content\/uploads\/2018\/12\/Amnesty-This-Is-What-We-Die-For-212x300.png 212w, https:\/\/fairloetet.de\/wp-content\/uploads\/2018\/12\/Amnesty-This-Is-What-We-Die-For-724x1024.png 724w, https:\/\/fairloetet.de\/wp-content\/uploads\/2018\/12\/Amnesty-This-Is-What-We-Die-For-768x1087.png 768w, https:\/\/fairloetet.de\/wp-content\/uploads\/2018\/12\/Amnesty-This-Is-What-We-Die-For.png 826w\" sizes=\"(max-width: 212px) 100vw, 212px\" \/><\/a>\u201eThis is what we die for\u201c \u2013 Human rights abuses in the Democratic Republic of the Congo power the global trade in cobalt<\/strong> (Amnesty International, 2016)<\/p>\n<p>This report documents the hazardous conditions in which artisanal miners, including thousands of children, mine cobalt in the Democratic Republic of the Congo. It goes on to trace how this cobalt is used to power mobile phones, laptop computers, and other portable electronic devices. Using basic hand tools, miners dig out rocks from tunnels deep underground, and accidents are common. Despite the potentially fatal health effects of prolonged exposure to cobalt, adult and child miners work without even the most basic protective equipment.<\/p>\n<p><a href=\"https:\/\/www.amnesty.org\/en\/documents\/afr62\/3183\/2016\/en\/\"><strong>Download<\/strong><\/a> von Amnesty International<\/p>\n<\/div>\n<p>&nbsp;<\/p>\n<div data-post-id=\"839\" class=\"insert-page insert-page-839\"><p><strong><a href=\"http:\/\/goodelectronics.org\/publications-en\/no-golden-future\/\"><img loading=\"lazy\" decoding=\"async\" class=\"size-medium wp-image-789 alignright\" src=\"https:\/\/fairloetet.de\/wp-content\/uploads\/2018\/12\/No-golden-future-210x300.png\" alt=\"\" width=\"210\" height=\"300\" srcset=\"https:\/\/fairloetet.de\/wp-content\/uploads\/2018\/12\/No-golden-future-210x300.png 210w, https:\/\/fairloetet.de\/wp-content\/uploads\/2018\/12\/No-golden-future.png 645w\" sizes=\"(max-width: 210px) 100vw, 210px\" \/><\/a>No Golden Future \u2013 Use of child labour in gold mining in Uganda<\/strong> (SOMO, 2016)<\/p>\n<p>A large number of children work in Uganda\u2019s artisanal gold mines. Of all the artisanal gold miners in Uganda, between 20 to 30 per cent are children. Some children (periodically) attend primary school whilst still working in the mines to pay for their education, clothes and books. Many other children work in the mines throughout the year and some even live on the mining sites.<\/p>\n<p>Gold mining is arduous work even for adults, but for children the conditions are even more unsafe, unhealthy and the exposure to hazardous and toxic chemicals, including mercury, can lead to life-long health problems.<\/p>\n<p><a href=\"http:\/\/goodelectronics.org\/publications-en\/no-golden-future\/\"><strong>Download<\/strong><\/a> von GoodElectronics<\/p>\n<\/div>\n<p>&nbsp;<\/p>\n<h1><a href=\"https:\/\/fairloetet.de\/en\/tag\/zulieferer\/\">Zulieferer<\/a><\/h1>\n<div data-post-id=\"832\" class=\"insert-page insert-page-832\"><p><strong><a href=\"http:\/\/www.chinalaborwatch.org\/report\/135\"><img loading=\"lazy\" decoding=\"async\" class=\"size-medium wp-image-787 alignright\" src=\"https:\/\/fairloetet.de\/wp-content\/uploads\/2018\/12\/CLW-HEG-Technology-2018-232x300.png\" alt=\"\" width=\"232\" height=\"300\" srcset=\"https:\/\/fairloetet.de\/wp-content\/uploads\/2018\/12\/CLW-HEG-Technology-2018-232x300.png 232w, https:\/\/fairloetet.de\/wp-content\/uploads\/2018\/12\/CLW-HEG-Technology-2018-791x1024.png 791w, https:\/\/fairloetet.de\/wp-content\/uploads\/2018\/12\/CLW-HEG-Technology-2018-768x994.png 768w, https:\/\/fairloetet.de\/wp-content\/uploads\/2018\/12\/CLW-HEG-Technology-2018.png 850w\" sizes=\"(max-width: 232px) 100vw, 232px\" \/><\/a>An Investigative Report on HEG Technology: A Samsung and Xiaomi Supplier Factory<\/strong> (China Labor Watch, 2018)<\/p>\n<p>HEG is a state-controlled company that supplies to brand companies, including Samsung, Oppo, Xiaomi and TCL. CLW\u2019s initial investigation in 2012 into HEG uncovered major rights violations such as child labor, unpaid wages for student workers, and discriminatory hiring practices. Since CLW\u2019s initial report and subsequent follow up investigations, there have been a number of notable improvements at HEG. [\u2026] However, in some areas, HEG has regressed.<\/p>\n<p><a href=\"http:\/\/www.chinalaborwatch.org\/report\/135\"><strong>Download<\/strong><\/a> von China Labor Watch<\/p>\n<\/div>\n<p>&nbsp;<\/p>\n<div data-post-id=\"841\" class=\"insert-page insert-page-841\"><p><strong><a href=\"http:\/\/sacom.hk\/2018\/10\/23\/investigative-report-apple-watch-series-4-still-failed-to-protect-teenage-student-workers\/\"><img loading=\"lazy\" decoding=\"async\" class=\"size-medium wp-image-790 alignright\" src=\"https:\/\/fairloetet.de\/wp-content\/uploads\/2018\/12\/SACOM-Apple-Watch-Series-4-Still-Failed-to-Protect-Teenage-Student-Workers-212x300.png\" alt=\"\" width=\"212\" height=\"300\" srcset=\"https:\/\/fairloetet.de\/wp-content\/uploads\/2018\/12\/SACOM-Apple-Watch-Series-4-Still-Failed-to-Protect-Teenage-Student-Workers-212x300.png 212w, https:\/\/fairloetet.de\/wp-content\/uploads\/2018\/12\/SACOM-Apple-Watch-Series-4-Still-Failed-to-Protect-Teenage-Student-Workers-724x1024.png 724w, https:\/\/fairloetet.de\/wp-content\/uploads\/2018\/12\/SACOM-Apple-Watch-Series-4-Still-Failed-to-Protect-Teenage-Student-Workers-768x1087.png 768w, https:\/\/fairloetet.de\/wp-content\/uploads\/2018\/12\/SACOM-Apple-Watch-Series-4-Still-Failed-to-Protect-Teenage-Student-Workers.png 826w\" sizes=\"(max-width: 212px) 100vw, 212px\" \/><\/a>Apple Watch Series 4 \u2013 Still Failed to Protect Teenage Student Workers<\/strong> (SACOM, 2018)<\/p>\n<p>This report discloses that Apple Inc. is undoubtedly manufacturing Apple Watch in Quanta Chongqing facilities using significant numbers of student workers aged 16-19 years. It also reveals that working conditions for student interns in the factory do not comply with the \u201cAdministrative Provisions Regarding Internships for Vocational School Students\u201d issued by the Chinese government and the \u201cStudent Worker Protections\u201d explicated in Apple\u2019s \u201cSupplier Responsibility Standards\u201d.<\/p>\n<p><a href=\"http:\/\/sacom.hk\/2018\/10\/23\/investigative-report-apple-watch-series-4-still-failed-to-protect-teenage-student-workers\/\"><strong>Download<\/strong><\/a> von SACOM<\/p>\n<\/div>\n<p>&nbsp;<\/p>\n<div data-post-id=\"848\" class=\"insert-page insert-page-848\"><p><strong><a href=\"https:\/\/old.danwatch.dk\/en\/undersogelse\/servants-of-servers\/\"><img loading=\"lazy\" decoding=\"async\" class=\"size-medium wp-image-791 alignright\" src=\"https:\/\/fairloetet.de\/wp-content\/uploads\/2018\/12\/Servants-of-Servers-300x231.png\" alt=\"\" width=\"300\" height=\"231\" srcset=\"https:\/\/fairloetet.de\/wp-content\/uploads\/2018\/12\/Servants-of-Servers-300x231.png 300w, https:\/\/fairloetet.de\/wp-content\/uploads\/2018\/12\/Servants-of-Servers.png 579w\" sizes=\"(max-width: 300px) 100vw, 300px\" \/><\/a>Servants of Servers<\/strong> (Danwatch, 2015)<\/p>\n<p>Tens of thousands of Chinese students work as interns in the assembly lines of IT factories every summer producing for the world\u2019s biggest brands. Many of them are forced into internships and cannot quit or they will not graduate.<\/p>\n<p><a href=\"https:\/\/old.danwatch.dk\/en\/undersogelse\/servants-of-servers\/\"><strong>Download<\/strong><\/a> von Danwatch<\/p>\n<\/div>\n<p>&nbsp;<\/p>\n<p>&nbsp;<\/p>\n<div data-post-id=\"852\" class=\"insert-page insert-page-852\"><p><strong><a href=\"http:\/\/goodelectronics.org\/publications-en\/Publication_4324\/\"><img loading=\"lazy\" decoding=\"async\" class=\"size-medium wp-image-792 alignright\" src=\"https:\/\/fairloetet.de\/wp-content\/uploads\/2018\/12\/The-Poisonous-Pearl-210x300.png\" alt=\"\" width=\"210\" height=\"300\" srcset=\"https:\/\/fairloetet.de\/wp-content\/uploads\/2018\/12\/The-Poisonous-Pearl-210x300.png 210w, https:\/\/fairloetet.de\/wp-content\/uploads\/2018\/12\/The-Poisonous-Pearl.png 641w\" sizes=\"(max-width: 210px) 100vw, 210px\" \/><\/a>The Poisonous Pearl \u2013 Occupational chemical poisoning in the electronics industry in the Pearl River Delta, People\u2019s Republic of China<\/strong> (GoodElectronics, 2016)<\/p>\n<p>The Poisonous Pearl, the latest report from GoodElectronics, focuses on the experiences of (former) workers in the electronics industry in China who are victims of chemical poisoning. The health of all the workers in the report was damaged by exposure to hazardous chemicals such as benzene and N-hexane in their work. All were working in large or small factories in the Pearl River Delta-region of China, an area well known as being a global hub for the production of consumer electronics (ICT). Manufacturers based in this region supply components to international brand name companies such as Apple, Asus, Canon, Huawei, Nokia, Samsung and Sony, amongst others.<\/p>\n<p><a href=\"http:\/\/goodelectronics.org\/publications-en\/Publication_4324\/\"><strong>Download<\/strong><\/a> von GoodElectronics<\/p>\n<\/div>\n<p>&nbsp;<\/p>\n<\/div><\/div><\/div><\/div><div class=\"wpb_column vc_column_container\"><div class=\"vc_column-inner\"><\/div><\/div><\/div><\/div><\/section>","protected":false},"excerpt":{"rendered":"The Poisonous Pearl \u2013 Occupational chemical poisoning in the electronics industry in the Pearl River Delta, People\u2019s Republic of China (GoodElectronics, 2016) The Poisonous Pearl, the latest report from GoodElectronics, focuses on the experiences of (former) workers in the electronics industry in China who are victims of chemical poisoning. The health of all the workers...","protected":false},"author":4,"featured_media":0,"parent":22,"menu_order":5,"comment_status":"closed","ping_status":"closed","template":"","meta":{"footnotes":""},"class_list":["post-753","page","type-page","status-publish","hentry"],"_links":{"self":[{"href":"https:\/\/fairloetet.de\/en\/wp-json\/wp\/v2\/pages\/753"}],"collection":[{"href":"https:\/\/fairloetet.de\/en\/wp-json\/wp\/v2\/pages"}],"about":[{"href":"https:\/\/fairloetet.de\/en\/wp-json\/wp\/v2\/types\/page"}],"author":[{"embeddable":true,"href":"https:\/\/fairloetet.de\/en\/wp-json\/wp\/v2\/users\/4"}],"replies":[{"embeddable":true,"href":"https:\/\/fairloetet.de\/en\/wp-json\/wp\/v2\/comments?post=753"}],"version-history":[{"count":24,"href":"https:\/\/fairloetet.de\/en\/wp-json\/wp\/v2\/pages\/753\/revisions"}],"predecessor-version":[{"id":864,"href":"https:\/\/fairloetet.de\/en\/wp-json\/wp\/v2\/pages\/753\/revisions\/864"}],"up":[{"embeddable":true,"href":"https:\/\/fairloetet.de\/en\/wp-json\/wp\/v2\/pages\/22"}],"wp:attachment":[{"href":"https:\/\/fairloetet.de\/en\/wp-json\/wp\/v2\/media?parent=753"}],"curies":[{"name":"wp","href":"https:\/\/api.w.org\/{rel}","templated":true}]}}