{"id":958,"date":"2019-03-31T14:53:50","date_gmt":"2019-03-31T12:53:50","guid":{"rendered":"https:\/\/fairloetet.de\/?page_id=958"},"modified":"2019-03-31T14:53:50","modified_gmt":"2019-03-31T12:53:50","slug":"wofuer-stehen-wir","status":"publish","type":"page","link":"https:\/\/fairloetet.de\/en\/startseite\/wofuer-stehen-wir\/","title":{"rendered":"Wof\u00fcr stehen wir (Vision)"},"content":{"rendered":"<section class=\"l-section wpb_row height_medium\"><div class=\"l-section-h i-cf\"><div class=\"g-cols vc_row via_grid cols_2-1 laptops-cols_inherit tablets-cols_inherit mobiles-cols_1 valign_top type_default stacking_default\"><div class=\"wpb_column vc_column_container\"><div class=\"vc_column-inner\"><div class=\"wpb_text_column\"><div class=\"wpb_wrapper\"><p>FairL\u00f6tet setzt sich f\u00fcr soziale Gerechtigkeit in den globalisierten Lieferketten der Elektronikbranche ein.<\/p>\n<ul>\n<li>Nichthandeln ist f\u00fcr Hersteller von Elektronikprodukten keine ernstzunehmende Option mehr: das zeigen sowohl die vielf\u00e4ltigen sozialen Probleme, als auch die rechtliche Entwicklung hin zu verst\u00e4rkten Sorgfaltspflichten.<\/li>\n<li>Wir fordern, dass Hersteller Verantwortung f\u00fcr die gesamte Lieferkette ihrer global produzierten Elektronikprodukte \u00fcbernehmen.<\/li>\n<li>\u201eFair produziert\u201c bedeutet f\u00fcr uns, dass Menschen, die an der F\u00f6rderung und Produktion beteiligt sind, unter Wahrung von Menschenrechten und zu einem Lohn arbeiten, der ihren Lebensunterhalt sichert. Dabei sollen die \u00d6kosysteme geschont werden.<\/li>\n<li>Beim gerechten Wirtschaften geht es jedoch nicht nur um das Produkt und nicht nur um die Arbeiter, die das Produkt schaffen. Es geht auch darum, Ressourcen und den Ertrag aus Produktion und Handel so zu verteilen, dass Menschen in L\u00e4nder, die zwar reich an Bodensch\u00e4tzen sind, jedoch zu den \u00e4rmsten der Welt geh\u00f6ren, eine Chance auf Bildung und Fortentwicklung haben.<\/li>\n<\/ul>\n<\/div><\/div><\/div><\/div><div class=\"wpb_column vc_column_container\"><div class=\"vc_column-inner\"><\/div><\/div><\/div><\/div><\/section>","protected":false},"excerpt":{"rendered":"FairL\u00f6tet setzt sich f\u00fcr soziale Gerechtigkeit in den globalisierten Lieferketten der Elektronikbranche ein. Nichthandeln ist f\u00fcr Hersteller von Elektronikprodukten keine ernstzunehmende Option mehr: das zeigen sowohl die vielf\u00e4ltigen sozialen Probleme, als auch die rechtliche Entwicklung hin zu verst\u00e4rkten Sorgfaltspflichten. Wir fordern, dass Hersteller Verantwortung f\u00fcr die gesamte Lieferkette ihrer global produzierten Elektronikprodukte \u00fcbernehmen. \u201eFair produziert\u201c...","protected":false},"author":5,"featured_media":0,"parent":16,"menu_order":0,"comment_status":"closed","ping_status":"closed","template":"","meta":{"footnotes":""},"class_list":["post-958","page","type-page","status-publish","hentry"],"_links":{"self":[{"href":"https:\/\/fairloetet.de\/en\/wp-json\/wp\/v2\/pages\/958"}],"collection":[{"href":"https:\/\/fairloetet.de\/en\/wp-json\/wp\/v2\/pages"}],"about":[{"href":"https:\/\/fairloetet.de\/en\/wp-json\/wp\/v2\/types\/page"}],"author":[{"embeddable":true,"href":"https:\/\/fairloetet.de\/en\/wp-json\/wp\/v2\/users\/5"}],"replies":[{"embeddable":true,"href":"https:\/\/fairloetet.de\/en\/wp-json\/wp\/v2\/comments?post=958"}],"version-history":[{"count":1,"href":"https:\/\/fairloetet.de\/en\/wp-json\/wp\/v2\/pages\/958\/revisions"}],"predecessor-version":[{"id":959,"href":"https:\/\/fairloetet.de\/en\/wp-json\/wp\/v2\/pages\/958\/revisions\/959"}],"up":[{"embeddable":true,"href":"https:\/\/fairloetet.de\/en\/wp-json\/wp\/v2\/pages\/16"}],"wp:attachment":[{"href":"https:\/\/fairloetet.de\/en\/wp-json\/wp\/v2\/media?parent=958"}],"curies":[{"name":"wp","href":"https:\/\/api.w.org\/{rel}","templated":true}]}}