{"id":962,"date":"2019-03-31T15:00:32","date_gmt":"2019-03-31T13:00:32","guid":{"rendered":"https:\/\/fairloetet.de\/?page_id=962"},"modified":"2023-12-03T16:27:16","modified_gmt":"2023-12-03T15:27:16","slug":"der-weg","status":"publish","type":"page","link":"https:\/\/fairloetet.de\/en\/startseite\/der-weg\/","title":{"rendered":"Der Weg (Mission)"},"content":{"rendered":"<section class=\"l-section wpb_row height_medium\"><div class=\"l-section-h i-cf\"><div class=\"g-cols vc_row via_grid cols_2-1 laptops-cols_inherit tablets-cols_inherit mobiles-cols_1 valign_top type_default stacking_default\"><div class=\"wpb_column vc_column_container\"><div class=\"vc_column-inner\"><div class=\"wpb_text_column\"><div class=\"wpb_wrapper\"><p>Wir unterst\u00fctzen Unternehmen, bilden und sensibilisieren die \u00d6ffentlichkeit.<\/p>\n<ul>\n<li>W\u00e4hrend es bislang kein vollst\u00e4ndig faires Elektronik-Produkt gibt, l\u00e4sst sich durch gezielte Verbesserungen in der Lieferkette bereits viel bewirken.<\/li>\n<li>Ein Beispiel ist der unter fairen Bedingungen produzierte L\u00f6tdraht, eine Kooperation von FairL\u00f6tet mit dem Unternehmen Stannol.<\/li>\n<li>Schritt f\u00fcr Schritt erschlie\u00dfen sich neue Bezugsquellen und es werden Initiativen f\u00fcr fair gef\u00f6rderte Rohstoffe gegr\u00fcndet. Auf Basis dessen k\u00f6nnen weitere Unternehmen nachziehen und zeigen, dass sie ihre Verantwortung gegen\u00fcber den Produzenten und Zulieferern ihrer Produkte wahrnehmen.<\/li>\n<li>Transparenz als erster Schritt zur Fairness hilft den Verbrauchern, sich f\u00fcr faire Alternativen zu entscheiden.<\/li>\n<li>Neben international bindenden Gesetzen sind es nicht zuletzt alternative Produkte, die anderen Unternehmen und der Politik zeigen, dass eine fairere Elektronik-Herstellung m\u00f6glich ist.<\/li>\n<li>Falls sich Unternehmen entschlie\u00dfen mehr Fairness in ihren Produkten zu haben, helfen wir gern mit Informationen bis hin zu einer Kooperation aus.<\/li>\n<li>Zudem bildet und informiert FairL\u00f6tet auf Messen, Konferenzen und in Lehrveranstaltungen \u00fcber das Themenfeld der Fairen Elektronik, um Konsumenten, Gr\u00fcnder, Angestellte, Multiplikatoren und Lernende zu sensibilisieren und zum Engagement anzuregen.<\/li>\n<\/ul>\n<\/div><\/div><\/div><\/div><div class=\"wpb_column vc_column_container\"><div class=\"vc_column-inner\"><\/div><\/div><\/div><\/div><\/section>","protected":false},"excerpt":{"rendered":"Wir unterst\u00fctzen Unternehmen, bilden und sensibilisieren die \u00d6ffentlichkeit. W\u00e4hrend es bislang kein vollst\u00e4ndig faires Elektronik-Produkt gibt, l\u00e4sst sich durch gezielte Verbesserungen in der Lieferkette bereits viel bewirken. Ein Beispiel ist der unter fairen Bedingungen produzierte L\u00f6tdraht, eine Kooperation von FairL\u00f6tet mit dem Unternehmen Stannol. Schritt f\u00fcr Schritt erschlie\u00dfen sich neue Bezugsquellen und es werden Initiativen...","protected":false},"author":5,"featured_media":0,"parent":16,"menu_order":0,"comment_status":"closed","ping_status":"closed","template":"","meta":{"footnotes":""},"class_list":["post-962","page","type-page","status-publish","hentry"],"_links":{"self":[{"href":"https:\/\/fairloetet.de\/en\/wp-json\/wp\/v2\/pages\/962"}],"collection":[{"href":"https:\/\/fairloetet.de\/en\/wp-json\/wp\/v2\/pages"}],"about":[{"href":"https:\/\/fairloetet.de\/en\/wp-json\/wp\/v2\/types\/page"}],"author":[{"embeddable":true,"href":"https:\/\/fairloetet.de\/en\/wp-json\/wp\/v2\/users\/5"}],"replies":[{"embeddable":true,"href":"https:\/\/fairloetet.de\/en\/wp-json\/wp\/v2\/comments?post=962"}],"version-history":[{"count":4,"href":"https:\/\/fairloetet.de\/en\/wp-json\/wp\/v2\/pages\/962\/revisions"}],"predecessor-version":[{"id":1533,"href":"https:\/\/fairloetet.de\/en\/wp-json\/wp\/v2\/pages\/962\/revisions\/1533"}],"up":[{"embeddable":true,"href":"https:\/\/fairloetet.de\/en\/wp-json\/wp\/v2\/pages\/16"}],"wp:attachment":[{"href":"https:\/\/fairloetet.de\/en\/wp-json\/wp\/v2\/media?parent=962"}],"curies":[{"name":"wp","href":"https:\/\/api.w.org\/{rel}","templated":true}]}}