{"id":969,"date":"2019-03-31T15:07:49","date_gmt":"2019-03-31T13:07:49","guid":{"rendered":"https:\/\/fairloetet.de\/?page_id=969"},"modified":"2019-03-31T15:07:49","modified_gmt":"2019-03-31T13:07:49","slug":"projekt-x","status":"publish","type":"page","link":"https:\/\/fairloetet.de\/en\/startseite\/projekt-x\/","title":{"rendered":"Projekt X"},"content":{"rendered":"<section class=\"l-section wpb_row height_medium\"><div class=\"l-section-h i-cf\"><div class=\"g-cols vc_row via_grid cols_2-1 laptops-cols_inherit tablets-cols_inherit mobiles-cols_1 valign_top type_default stacking_default\"><div class=\"wpb_column vc_column_container\"><div class=\"vc_column-inner\"><div class=\"wpb_text_column\"><div class=\"wpb_wrapper\"><p>Die faire Maus, Fairphone und Stannol zeigen, dass faire Elektronik m\u00f6glich ist. Jetzt suchen wir deine Idee f\u00fcr das n\u00e4chste Faire Elektronik Projekt.<\/p>\n<ul>\n<li>Das Team von FairL\u00f6tet hat sich aus der Idee gegr\u00fcndet, einen Rohstoff aus der Lieferkette der fairen Computermaus von Nager IT von einer faireren Quelle zu beziehen.<\/li>\n<li>Wenn DU also an einem konkreten Produkt arbeitest und eine Idee hast, welcher Rohstoff unbedingt aus faireren Quellen stammen sollte und an der Umsetzung mitarbeiten m\u00f6chtest oder wenn du eine Idee f\u00fcr ein Bildungsprojekt hast, melde dich gern bei uns!<\/li>\n<\/ul>\n<\/div><\/div><\/div><\/div><div class=\"wpb_column vc_column_container\"><div class=\"vc_column-inner\"><\/div><\/div><\/div><\/div><\/section>","protected":false},"excerpt":{"rendered":"Die faire Maus, Fairphone und Stannol zeigen, dass faire Elektronik m\u00f6glich ist. Jetzt suchen wir deine Idee f\u00fcr das n\u00e4chste Faire Elektronik Projekt. Das Team von FairL\u00f6tet hat sich aus der Idee gegr\u00fcndet, einen Rohstoff aus der Lieferkette der fairen Computermaus von Nager IT von einer faireren Quelle zu beziehen. Wenn DU also an einem...","protected":false},"author":5,"featured_media":0,"parent":16,"menu_order":0,"comment_status":"closed","ping_status":"closed","template":"","meta":{"footnotes":""},"class_list":["post-969","page","type-page","status-publish","hentry"],"_links":{"self":[{"href":"https:\/\/fairloetet.de\/en\/wp-json\/wp\/v2\/pages\/969"}],"collection":[{"href":"https:\/\/fairloetet.de\/en\/wp-json\/wp\/v2\/pages"}],"about":[{"href":"https:\/\/fairloetet.de\/en\/wp-json\/wp\/v2\/types\/page"}],"author":[{"embeddable":true,"href":"https:\/\/fairloetet.de\/en\/wp-json\/wp\/v2\/users\/5"}],"replies":[{"embeddable":true,"href":"https:\/\/fairloetet.de\/en\/wp-json\/wp\/v2\/comments?post=969"}],"version-history":[{"count":1,"href":"https:\/\/fairloetet.de\/en\/wp-json\/wp\/v2\/pages\/969\/revisions"}],"predecessor-version":[{"id":971,"href":"https:\/\/fairloetet.de\/en\/wp-json\/wp\/v2\/pages\/969\/revisions\/971"}],"up":[{"embeddable":true,"href":"https:\/\/fairloetet.de\/en\/wp-json\/wp\/v2\/pages\/16"}],"wp:attachment":[{"href":"https:\/\/fairloetet.de\/en\/wp-json\/wp\/v2\/media?parent=969"}],"curies":[{"name":"wp","href":"https:\/\/api.w.org\/{rel}","templated":true}]}}